{"id":5528,"date":"2024-09-30T14:33:33","date_gmt":"2024-09-30T14:33:33","guid":{"rendered":"http:\/\/www.skupina75.it\/?page_id=5528"},"modified":"2024-09-30T14:47:06","modified_gmt":"2024-09-30T14:47:06","slug":"26-fotosrecanje","status":"publish","type":"page","link":"https:\/\/www.skupina75.it\/it\/fotosrecanje\/26-fotosrecanje\/","title":{"rendered":"26. Fotoincontro"},"content":{"rendered":"<p>Vi invitiamo all&#8217;inaugurazione il 5.10.2024 alle 18.00<\/p>\n<p>Arnaldo Agugiaro (ITA)<br \/>\nJanez Koro\u0161in (SLO)<br \/>\nDamir Pildek (HR)<br \/>\nSimon Kova\u010di\u010d (SLO)<br \/>\nFotografska skupina Planinskega dru\u0161tva Tolmin (SLO)<\/p>\n<p>KULTURNI DOM<br \/>\nvia I.Brass 20<br \/>\nGorizia<\/p>\n<p>5.10.2024 &#8211; 19.10.2024<br \/>\n9.00-13.00\u00a0 \u00a015.00-18.00<br \/>\nsabato e domenica chiuso, salvo eventi in programma<\/p>\n<p><a href=\"http:\/\/www.skupina75.it\/wp-content\/uploads\/2024\/09\/26foto_katalog_b06.pdf\" target=\"_blank\" rel=\"noopener noreferrer\">Catalogo 2024<\/a><\/p>\n<p><a href=\"http:\/\/www.skupina75.it\/wp-content\/uploads\/2024\/09\/vabilo.jpg\" data-rel=\"lightbox-image-0\" data-rl_title=\"\" data-rl_caption=\"\" title=\"\"><img loading=\"lazy\" decoding=\"async\" class=\"alignnone size-medium wp-image-5498\" src=\"http:\/\/www.skupina75.it\/wp-content\/uploads\/2024\/09\/vabilo-288x168.jpg\" alt=\"\" width=\"288\" height=\"168\" srcset=\"https:\/\/www.skupina75.it\/wp-content\/uploads\/2024\/09\/vabilo-288x168.jpg 288w, https:\/\/www.skupina75.it\/wp-content\/uploads\/2024\/09\/vabilo-494x289.jpg 494w, https:\/\/www.skupina75.it\/wp-content\/uploads\/2024\/09\/vabilo-768x449.jpg 768w, https:\/\/www.skupina75.it\/wp-content\/uploads\/2024\/09\/vabilo.jpg 1200w\" sizes=\"auto, (max-width: 288px) 100vw, 288px\" \/><\/a><\/p>\n<div id='gallery-2' class='gallery galleryid-5528 gallery-columns-4 gallery-size-thumbnail'><dl class='gallery-item'>\n\t\t\t<dt class='gallery-icon landscape'>\n\t\t\t\t<a href='https:\/\/www.skupina75.it\/wp-content\/uploads\/2024\/09\/Agugiaro.jpg' title=\"\" data-rl_title=\"\" class=\"rl-gallery-link\" data-rl_caption=\"\" data-rel=\"lightbox-gallery-2\"><img loading=\"lazy\" decoding=\"async\" width=\"200\" height=\"200\" src=\"https:\/\/www.skupina75.it\/wp-content\/uploads\/2024\/09\/Agugiaro-200x200.jpg\" class=\"attachment-thumbnail size-thumbnail\" alt=\"\" aria-describedby=\"gallery-2-5502\" \/><\/a>\n\t\t\t<\/dt>\n\t\t\t\t<dd class='wp-caption-text gallery-caption' id='gallery-2-5502'>\n\t\t\t\tArnaldo Agugiaro\n\t\t\t\t<\/dd><\/dl><dl class='gallery-item'>\n\t\t\t<dt class='gallery-icon portrait'>\n\t\t\t\t<a href='https:\/\/www.skupina75.it\/wp-content\/uploads\/2024\/09\/Korosin_Kat_1_DSC05463_R.jpg' title=\"\" data-rl_title=\"\" class=\"rl-gallery-link\" data-rl_caption=\"\" data-rel=\"lightbox-gallery-2\"><img loading=\"lazy\" decoding=\"async\" width=\"200\" height=\"200\" src=\"https:\/\/www.skupina75.it\/wp-content\/uploads\/2024\/09\/Korosin_Kat_1_DSC05463_R-200x200.jpg\" class=\"attachment-thumbnail size-thumbnail\" alt=\"\" aria-describedby=\"gallery-2-5505\" \/><\/a>\n\t\t\t<\/dt>\n\t\t\t\t<dd class='wp-caption-text gallery-caption' id='gallery-2-5505'>\n\t\t\t\tJanez Koro\u0161in\n\t\t\t\t<\/dd><\/dl><dl class='gallery-item'>\n\t\t\t<dt class='gallery-icon portrait'>\n\t\t\t\t<a href='https:\/\/www.skupina75.it\/wp-content\/uploads\/2024\/09\/Pildek.jpg' title=\"\" data-rl_title=\"\" class=\"rl-gallery-link\" data-rl_caption=\"\" data-rel=\"lightbox-gallery-2\"><img loading=\"lazy\" decoding=\"async\" width=\"200\" height=\"200\" src=\"https:\/\/www.skupina75.it\/wp-content\/uploads\/2024\/09\/Pildek-200x200.jpg\" class=\"attachment-thumbnail size-thumbnail\" alt=\"\" aria-describedby=\"gallery-2-5507\" \/><\/a>\n\t\t\t<\/dt>\n\t\t\t\t<dd class='wp-caption-text gallery-caption' id='gallery-2-5507'>\n\t\t\t\tDamir Pildek\n\t\t\t\t<\/dd><\/dl><dl class='gallery-item'>\n\t\t\t<dt class='gallery-icon landscape'>\n\t\t\t\t<a href='https:\/\/www.skupina75.it\/wp-content\/uploads\/2024\/09\/Kovacic.jpg' title=\"\" data-rl_title=\"\" class=\"rl-gallery-link\" data-rl_caption=\"\" data-rel=\"lightbox-gallery-2\"><img loading=\"lazy\" decoding=\"async\" width=\"200\" height=\"200\" src=\"https:\/\/www.skupina75.it\/wp-content\/uploads\/2024\/09\/Kovacic-200x200.jpg\" class=\"attachment-thumbnail size-thumbnail\" alt=\"\" aria-describedby=\"gallery-2-5506\" srcset=\"https:\/\/www.skupina75.it\/wp-content\/uploads\/2024\/09\/Kovacic-200x200.jpg 200w, https:\/\/www.skupina75.it\/wp-content\/uploads\/2024\/09\/Kovacic-288x288.jpg 288w, https:\/\/www.skupina75.it\/wp-content\/uploads\/2024\/09\/Kovacic-494x494.jpg 494w, https:\/\/www.skupina75.it\/wp-content\/uploads\/2024\/09\/Kovacic-768x768.jpg 768w, https:\/\/www.skupina75.it\/wp-content\/uploads\/2024\/09\/Kovacic.jpg 1000w\" sizes=\"auto, (max-width: 200px) 100vw, 200px\" \/><\/a>\n\t\t\t<\/dt>\n\t\t\t\t<dd class='wp-caption-text gallery-caption' id='gallery-2-5506'>\n\t\t\t\tSimon Kova\u010di\u010d\n\t\t\t\t<\/dd><\/dl><br style=\"clear: both\" \/><dl class='gallery-item'>\n\t\t\t<dt class='gallery-icon landscape'>\n\t\t\t\t<a href='https:\/\/www.skupina75.it\/wp-content\/uploads\/2024\/09\/Carga.jpg' title=\"\" data-rl_title=\"\" class=\"rl-gallery-link\" data-rl_caption=\"\" data-rel=\"lightbox-gallery-2\"><img loading=\"lazy\" decoding=\"async\" width=\"200\" height=\"200\" src=\"https:\/\/www.skupina75.it\/wp-content\/uploads\/2024\/09\/Carga-200x200.jpg\" class=\"attachment-thumbnail size-thumbnail\" alt=\"\" aria-describedby=\"gallery-2-5504\" \/><\/a>\n\t\t\t<\/dt>\n\t\t\t\t<dd class='wp-caption-text gallery-caption' id='gallery-2-5504'>\n\t\t\t\tJana \u010carga\n\t\t\t\t<\/dd><\/dl><dl class='gallery-item'>\n\t\t\t<dt class='gallery-icon portrait'>\n\t\t\t\t<a href='https:\/\/www.skupina75.it\/wp-content\/uploads\/2024\/09\/Lesjak.jpg' title=\"\" data-rl_title=\"\" class=\"rl-gallery-link\" data-rl_caption=\"\" data-rel=\"lightbox-gallery-2\"><img loading=\"lazy\" decoding=\"async\" width=\"200\" height=\"200\" src=\"https:\/\/www.skupina75.it\/wp-content\/uploads\/2024\/09\/Lesjak-200x200.jpg\" class=\"attachment-thumbnail size-thumbnail\" alt=\"\" aria-describedby=\"gallery-2-5503\" \/><\/a>\n\t\t\t<\/dt>\n\t\t\t\t<dd class='wp-caption-text gallery-caption' id='gallery-2-5503'>\n\t\t\t\tDanilo Lesjak\n\t\t\t\t<\/dd><\/dl><dl class='gallery-item'>\n\t\t\t<dt class='gallery-icon landscape'>\n\t\t\t\t<a href='https:\/\/www.skupina75.it\/wp-content\/uploads\/2024\/09\/Podgornik.jpg' title=\"\" data-rl_title=\"\" class=\"rl-gallery-link\" data-rl_caption=\"\" data-rel=\"lightbox-gallery-2\"><img loading=\"lazy\" decoding=\"async\" width=\"200\" height=\"200\" src=\"https:\/\/www.skupina75.it\/wp-content\/uploads\/2024\/09\/Podgornik-200x200.jpg\" class=\"attachment-thumbnail size-thumbnail\" alt=\"\" aria-describedby=\"gallery-2-5501\" \/><\/a>\n\t\t\t<\/dt>\n\t\t\t\t<dd class='wp-caption-text gallery-caption' id='gallery-2-5501'>\n\t\t\t\tVlado Podgornik\n\t\t\t\t<\/dd><\/dl>\n\t\t\t<br style='clear: both' \/>\n\t\t<\/div>\n\n<p>&nbsp;<\/p>\n<p>Il fotografo veneto Arnaldo Agugiaro presenta \u201cViaggio all\u2019Etna\u201d, una serie di potenti immagini frutto di varie escursioni sulle pendici del vulcano catanese, in cui la profondit\u00e0 e la sofferta granulosit\u00e0 del bianco e nero sottolineano le spettrali atmosfere di fumi e sentieri lavici.<\/p>\n<p>Lo sloveno Janez Koro\u0161in con \u201cAgglomerazione\u201d utilizza doppie esposizioni, sovrapposizione dei negativi e particolari tagli fotografici per sottolineare lo stato di abbandono e il decadimento della struttura sull\u2019ex ferriera di Jesenice, il maggiore centro metallurgico della Slovenia.<\/p>\n<p>Simon Kova\u010di\u010d, socio del Fotoklub Skupina75 presenta \u201cLithomorfosi\u201d, immagini di pietre e sassi che grazie alla personale visione creativa si trasformano in costellazioni e microcosmi armonici e cangianti.<\/p>\n<p>Il fotografo croato Damir Pildek presenta \u201cPixel argentati\u201d, una serie di ritratti e di trittici realizzati attraverso l\u2019ambrotipia, una antica tecnica fotografica; le fotografie su vetro sorprendono, oltre che per la raffinata tecnica, anche per l\u2019empatia sviluppata con i soggetti.<\/p>\n<p>Il Gruppo fotografico della Societ\u00e0 alpina di Tolmin presenta \u201cRicerche espressive\u201d serie di cinquanta fotografie inedite che testimoniano il talentuoso percorso dei soci, molto attivi in campo espositivo; la loro assidua partecipazione a concorsi internazionali ha inoltre fruttato numerosi premi e riconoscimenti. Gli autori presenti al Fotoincontro sono:<br \/>\nNevenka Ben\u010dik, Milena Bre\u0161an, Jana \u010carga, Ljubo \u010cibej, Miran Klinkon, Darja Lavren\u010di\u010d, Danilo Lesjak, Miljko Lesjak, Vlado Podgornik, Mario Dario Simaz e Simon Tulipan.<\/p>\n<p>&nbsp;<\/p>","protected":false},"excerpt":{"rendered":"<p>Vi invitiamo all&#8217;inaugurazione il 5.10.2024 alle 18.00 Arnaldo Agugiaro (ITA) Janez Koro\u0161in (SLO) Damir Pildek (HR) Simon Kova\u010di\u010d (SLO) Fotografska skupina Planinskega dru\u0161tva Tolmin (SLO) KULTURNI DOM via I.Brass 20 Gorizia 5.10.2024 &#8211; 19.10.2024 9.00-13.00\u00a0 \u00a015.00-18.00 sabato e domenica chiuso, salvo eventi in programma Catalogo 2024 &nbsp; Il fotografo veneto Arnaldo Agugiaro presenta \u201cViaggio all\u2019Etna\u201d, [&hellip;]<\/p>\n","protected":false},"author":4,"featured_media":0,"parent":12,"menu_order":1,"comment_status":"closed","ping_status":"closed","template":"","meta":{"footnotes":""},"class_list":["post-5528","page","type-page","status-publish","hentry"],"_links":{"self":[{"href":"https:\/\/www.skupina75.it\/it\/wp-json\/wp\/v2\/pages\/5528","targetHints":{"allow":["GET"]}}],"collection":[{"href":"https:\/\/www.skupina75.it\/it\/wp-json\/wp\/v2\/pages"}],"about":[{"href":"https:\/\/www.skupina75.it\/it\/wp-json\/wp\/v2\/types\/page"}],"author":[{"embeddable":true,"href":"https:\/\/www.skupina75.it\/it\/wp-json\/wp\/v2\/users\/4"}],"replies":[{"embeddable":true,"href":"https:\/\/www.skupina75.it\/it\/wp-json\/wp\/v2\/comments?post=5528"}],"version-history":[{"count":8,"href":"https:\/\/www.skupina75.it\/it\/wp-json\/wp\/v2\/pages\/5528\/revisions"}],"predecessor-version":[{"id":5537,"href":"https:\/\/www.skupina75.it\/it\/wp-json\/wp\/v2\/pages\/5528\/revisions\/5537"}],"up":[{"embeddable":true,"href":"https:\/\/www.skupina75.it\/it\/wp-json\/wp\/v2\/pages\/12"}],"wp:attachment":[{"href":"https:\/\/www.skupina75.it\/it\/wp-json\/wp\/v2\/media?parent=5528"}],"curies":[{"name":"wp","href":"https:\/\/api.w.org\/{rel}","templated":true}]}}