{"id":4521,"date":"2021-09-26T14:36:43","date_gmt":"2021-09-26T14:36:43","guid":{"rendered":"http:\/\/www.skupina75.it\/?page_id=4521"},"modified":"2023-08-12T16:57:04","modified_gmt":"2023-08-12T16:57:04","slug":"23-fotosrecanje","status":"publish","type":"page","link":"https:\/\/www.skupina75.it\/it\/fotosrecanje\/23-fotosrecanje\/","title":{"rendered":"23. Fotoincontro"},"content":{"rendered":"<p><\/p>\n<p style=\"text-align: left;\">0Vabimo vas na odprtje \/ vi invitiamo all&#8217;inaugurazione<br \/>\ndne \/ il <strong>2.10.2021<\/strong>\u00a0ob \/ alle <strong>18.00<\/strong><\/p>\n<p style=\"text-align: left;\"><strong>Sara Nu\u0161a Golob Grabner (SLO)<\/strong><br \/>\n<strong>Annalisa Mansutti (ITA)<\/strong><br \/>\n<strong>Robert Sironi (HR)<\/strong><\/p>\n<p style=\"text-align: left;\"><strong>Lorella Klun (ITA)<\/strong><\/p>\n<p style=\"text-align: left;\"><strong>Fotoklub Ljubljana (SLO)<\/strong><\/p>\n<p style=\"text-align: left;\">sobota in nedelja zaprto, razen posebnih prireditev<br \/>\nsabato e domenica chiuso, salvo eventi in programma<\/p>\n<p>2.10.2021 &#8211; 16.10.2021<br \/>\n9.00-13.00\u00a0 \u00a015.00-18.00<\/p>\n<p style=\"text-align: left;\"><strong>KULTURNI DOM<\/strong><br \/>\n<strong>ulica \/ via I.Brass 20<\/strong><br \/>\n<strong>Gorica \/ Gorizia<\/strong><\/p>\n<div id='gallery-2' class='gallery galleryid-4521 gallery-columns-6 gallery-size-thumbnail'><dl class='gallery-item'>\n\t\t\t<dt class='gallery-icon landscape'>\n\t\t\t\t<a href='https:\/\/www.skupina75.it\/wp-content\/uploads\/2021\/09\/SaraNusaGolobGrabner_Memorabilia.jpg' title=\"\" data-rl_title=\"\" class=\"rl-gallery-link\" data-rl_caption=\"\" data-rel=\"lightbox-gallery-2\"><img loading=\"lazy\" decoding=\"async\" width=\"200\" height=\"200\" src=\"https:\/\/www.skupina75.it\/wp-content\/uploads\/2021\/09\/SaraNusaGolobGrabner_Memorabilia-200x200.jpg\" class=\"attachment-thumbnail size-thumbnail\" alt=\"\" aria-describedby=\"gallery-2-4499\" \/><\/a>\n\t\t\t<\/dt>\n\t\t\t\t<dd class='wp-caption-text gallery-caption' id='gallery-2-4499'>\n\t\t\t\tSara Nu\u0161a Golob Grabner (Memorabilia)\n\t\t\t\t<\/dd><\/dl><dl class='gallery-item'>\n\t\t\t<dt class='gallery-icon landscape'>\n\t\t\t\t<a href='https:\/\/www.skupina75.it\/wp-content\/uploads\/2021\/09\/AnalisaMansutti_Transiberiana.jpg' title=\"\" data-rl_title=\"\" class=\"rl-gallery-link\" data-rl_caption=\"\" data-rel=\"lightbox-gallery-2\"><img loading=\"lazy\" decoding=\"async\" width=\"200\" height=\"200\" src=\"https:\/\/www.skupina75.it\/wp-content\/uploads\/2021\/09\/AnalisaMansutti_Transiberiana-200x200.jpg\" class=\"attachment-thumbnail size-thumbnail\" alt=\"\" aria-describedby=\"gallery-2-4495\" srcset=\"https:\/\/www.skupina75.it\/wp-content\/uploads\/2021\/09\/AnalisaMansutti_Transiberiana-200x200.jpg 200w, https:\/\/www.skupina75.it\/wp-content\/uploads\/2021\/09\/AnalisaMansutti_Transiberiana-288x288.jpg 288w, https:\/\/www.skupina75.it\/wp-content\/uploads\/2021\/09\/AnalisaMansutti_Transiberiana-494x494.jpg 494w, https:\/\/www.skupina75.it\/wp-content\/uploads\/2021\/09\/AnalisaMansutti_Transiberiana-768x768.jpg 768w, https:\/\/www.skupina75.it\/wp-content\/uploads\/2021\/09\/AnalisaMansutti_Transiberiana.jpg 1000w\" sizes=\"auto, (max-width: 200px) 100vw, 200px\" \/><\/a>\n\t\t\t<\/dt>\n\t\t\t\t<dd class='wp-caption-text gallery-caption' id='gallery-2-4495'>\n\t\t\t\tAnalisa Mansutti (Transiberiana)\n\t\t\t\t<\/dd><\/dl><dl class='gallery-item'>\n\t\t\t<dt class='gallery-icon landscape'>\n\t\t\t\t<a href='https:\/\/www.skupina75.it\/wp-content\/uploads\/2021\/09\/RobertSironi_ValoremNovum.jpg' title=\"\" data-rl_title=\"\" class=\"rl-gallery-link\" data-rl_caption=\"\" data-rel=\"lightbox-gallery-2\"><img loading=\"lazy\" decoding=\"async\" width=\"200\" height=\"200\" src=\"https:\/\/www.skupina75.it\/wp-content\/uploads\/2021\/09\/RobertSironi_ValoremNovum-200x200.jpg\" class=\"attachment-thumbnail size-thumbnail\" alt=\"\" aria-describedby=\"gallery-2-4498\" \/><\/a>\n\t\t\t<\/dt>\n\t\t\t\t<dd class='wp-caption-text gallery-caption' id='gallery-2-4498'>\n\t\t\t\tRobert Sironi (Valorem Novum)\n\t\t\t\t<\/dd><\/dl><dl class='gallery-item'>\n\t\t\t<dt class='gallery-icon landscape'>\n\t\t\t\t<a href='https:\/\/www.skupina75.it\/wp-content\/uploads\/2021\/09\/LorellaKlun_premonizioni.jpg' title=\"\" data-rl_title=\"\" class=\"rl-gallery-link\" data-rl_caption=\"\" data-rel=\"lightbox-gallery-2\"><img loading=\"lazy\" decoding=\"async\" width=\"200\" height=\"200\" src=\"https:\/\/www.skupina75.it\/wp-content\/uploads\/2021\/09\/LorellaKlun_premonizioni-200x200.jpg\" class=\"attachment-thumbnail size-thumbnail\" alt=\"\" aria-describedby=\"gallery-2-4496\" \/><\/a>\n\t\t\t<\/dt>\n\t\t\t\t<dd class='wp-caption-text gallery-caption' id='gallery-2-4496'>\n\t\t\t\tLorella Klun (Premonizioni)\n\t\t\t\t<\/dd><\/dl><dl class='gallery-item'>\n\t\t\t<dt class='gallery-icon landscape'>\n\t\t\t\t<a href='https:\/\/www.skupina75.it\/wp-content\/uploads\/2021\/09\/Matej-Rukavina_Odsev.jpg' title=\"\" data-rl_title=\"\" class=\"rl-gallery-link\" data-rl_caption=\"\" data-rel=\"lightbox-gallery-2\"><img loading=\"lazy\" decoding=\"async\" width=\"200\" height=\"200\" src=\"https:\/\/www.skupina75.it\/wp-content\/uploads\/2021\/09\/Matej-Rukavina_Odsev-200x200.jpg\" class=\"attachment-thumbnail size-thumbnail\" alt=\"\" aria-describedby=\"gallery-2-4497\" \/><\/a>\n\t\t\t<\/dt>\n\t\t\t\t<dd class='wp-caption-text gallery-caption' id='gallery-2-4497'>\n\t\t\t\tMatej Rukavina (Odsev)\n\t\t\t\t<\/dd><\/dl>\n\t\t\t<br style='clear: both' \/>\n\t\t<\/div>\n\n<p><a href=\"http:\/\/www.skupina75.it\/wp-content\/uploads\/2021\/09\/katalog_23.pdf\" target=\"_blank\" rel=\"noopener noreferrer\">Catalogo 2021<\/a><\/p>\n<p><strong>Sara Nu\u0161a Golob Grabner<\/strong>, giovane e pluripremiata fotografa slovena presenta un corpus di opere sul tema della Sincronicit\u00e0, tema indagato da Carl Gustav Jung.<br \/>\nNell\u2019installazione, che si collega ai temi dell\u2019inconscio collettivo e ai suoi archetipi, i vari tasselli dialogano tra loro, cos\u00ec come alcuni avvenimenti della vita, a prima vista insignificanti e tra loro slegati, si uniscono per dar vita a elementi complessi e inaspettati.<\/p>\n<p><strong>Annalisa Mansutti<\/strong>, presenta una serie realizzata lungo gli oltre novemila chilometri della Transiberiana, ciclopica opera ferroviaria che collega Mosca a Vladivostok; nel suo viaggio in cui conta non tanto la meta da raggiungere quanto il procedere, tutti gli elementi \u2013 la strada, i panorami, il rimando di sguardi \u2013 rimangono sospesi, proprio come l\u2019inquieto turbinare dei fiocchi di neve.<\/p>\n<p><strong>Lorella Klun<\/strong> propone \u201cPremonizioni\u201d, serie in cui interiorit\u00e0 e razionalit\u00e0, esperienza sensoriale e spiritualit\u00e0 trovano la strada dell\u2019allegoria, quel linguaggio che permette di rappresentare l\u2019astratto nel mondo del visibile. Una donna, radice di fertilit\u00e0, ciaccompagna in un viaggio che tocca i temi della perdita e della vulnerabilit\u00e0, ma anche della successiva presa di coscienza.<\/p>\n<p><strong>Robert Sironi<\/strong> realizza una serie dal forte valore concettuale: in \u201cValorem Novum\u201d gli scorci dell\u2019arena di Pola, sua citt\u00e0 natale, sono ripresi attraverso il foro stenopeico e poi stampati sulle pagine di vecchi libri salvati dal macero, in particolare sulla Bhagavad Gita, testo tra i pi\u00f9 diffusi e amati della letteratura indiana. Grazie a questo processo, le immagini che si imprimono sulla carta si fondono con l\u2019inchiostro delle parole, componendo dei vibranti polittici.<\/p>\n<p>Il circolo fotografico ospite di questa edizione del Fotoincontro \u00e8 il<strong> Fotoklub Ljubljana<\/strong> che, nel 90\u00b0 anniversario della sua fondazione, ha scelto \u201cL\u2019Uomo\u201d come tema espositivo; i soci del Circolo, tutti di solida formazione tecnica e, presentano una serie di immagini che si soffermano sui diversi aspetti e situazioni che vedono protagonista la Persona, colta con sensibilit\u00e0, raffinatezza e a volte con un pizzico di humor, nelle sue molteplici attivit\u00e0.<\/p>","protected":false},"excerpt":{"rendered":"<p>0Vabimo vas na odprtje \/ vi invitiamo all&#8217;inaugurazione dne \/ il 2.10.2021\u00a0ob \/ alle 18.00 Sara Nu\u0161a Golob Grabner (SLO) Annalisa Mansutti (ITA) Robert Sironi (HR) Lorella Klun (ITA) Fotoklub Ljubljana (SLO) sobota in nedelja zaprto, razen posebnih prireditev sabato e domenica chiuso, salvo eventi in programma 2.10.2021 &#8211; 16.10.2021 9.00-13.00\u00a0 \u00a015.00-18.00 KULTURNI DOM ulica [&hellip;]<\/p>\n","protected":false},"author":4,"featured_media":4491,"parent":12,"menu_order":0,"comment_status":"closed","ping_status":"closed","template":"","meta":{"footnotes":""},"class_list":["post-4521","page","type-page","status-publish","has-post-thumbnail","hentry"],"_links":{"self":[{"href":"https:\/\/www.skupina75.it\/it\/wp-json\/wp\/v2\/pages\/4521","targetHints":{"allow":["GET"]}}],"collection":[{"href":"https:\/\/www.skupina75.it\/it\/wp-json\/wp\/v2\/pages"}],"about":[{"href":"https:\/\/www.skupina75.it\/it\/wp-json\/wp\/v2\/types\/page"}],"author":[{"embeddable":true,"href":"https:\/\/www.skupina75.it\/it\/wp-json\/wp\/v2\/users\/4"}],"replies":[{"embeddable":true,"href":"https:\/\/www.skupina75.it\/it\/wp-json\/wp\/v2\/comments?post=4521"}],"version-history":[{"count":6,"href":"https:\/\/www.skupina75.it\/it\/wp-json\/wp\/v2\/pages\/4521\/revisions"}],"predecessor-version":[{"id":4994,"href":"https:\/\/www.skupina75.it\/it\/wp-json\/wp\/v2\/pages\/4521\/revisions\/4994"}],"up":[{"embeddable":true,"href":"https:\/\/www.skupina75.it\/it\/wp-json\/wp\/v2\/pages\/12"}],"wp:featuredmedia":[{"embeddable":true,"href":"https:\/\/www.skupina75.it\/it\/wp-json\/wp\/v2\/media\/4491"}],"wp:attachment":[{"href":"https:\/\/www.skupina75.it\/it\/wp-json\/wp\/v2\/media?parent=4521"}],"curies":[{"name":"wp","href":"https:\/\/api.w.org\/{rel}","templated":true}]}}