{"id":30,"date":"2012-03-11T17:36:59","date_gmt":"2012-03-11T17:36:59","guid":{"rendered":"http:\/\/localhost\/skupina75\/?page_id=30"},"modified":"2015-02-28T23:49:20","modified_gmt":"2015-02-28T23:49:20","slug":"clani-fotokluba","status":"publish","type":"page","link":"https:\/\/www.skupina75.it\/it\/clani-fotokluba\/","title":{"rendered":"I soci"},"content":{"rendered":"<p>Silvan Pittoli Zdenko Vogri\u010d Flavio Mosetti Valter Nanut Sergio Culot Igor Pahor Marko Vogri\u010d Loredana Prin\u010di\u010d Miran Vi\u017eintin Paul David Redfern Enzo Tedeschi Marco Faganel Sara Occhipinti Teja Pahor Katerina Pittoli Isabel Pasculin Diana Mulic Slavica Radinja Remo Cavedale Simon Zamar Sandi Gorkic Robert Strahinjic Mariano Di Clemente Yuliya Chumachenko Darja Kolav\u010di\u010d Tamara Puc Boris Prin\u010di\u010d Igor Skorjanc Josko Princic Lorella Klun Matej Ratko<\/p>\n<p><\/p>","protected":false},"excerpt":{"rendered":"<p>Silvan Pittoli Zdenko Vogri\u010d Flavio Mosetti Valter Nanut Sergio Culot Igor Pahor Marko Vogri\u010d Loredana Prin\u010di\u010d Miran Vi\u017eintin Paul David Redfern Enzo Tedeschi Marco Faganel Sara Occhipinti Teja Pahor Katerina Pittoli Isabel Pasculin Diana Mulic Slavica Radinja Remo Cavedale Simon Zamar Sandi Gorkic Robert Strahinjic Mariano Di Clemente Yuliya Chumachenko Darja Kolav\u010di\u010d Tamara Puc Boris [&hellip;]<\/p>\n","protected":false},"author":1,"featured_media":0,"parent":0,"menu_order":2,"comment_status":"closed","ping_status":"open","template":"","meta":{"footnotes":""},"class_list":["post-30","page","type-page","status-publish","hentry"],"_links":{"self":[{"href":"https:\/\/www.skupina75.it\/it\/wp-json\/wp\/v2\/pages\/30","targetHints":{"allow":["GET"]}}],"collection":[{"href":"https:\/\/www.skupina75.it\/it\/wp-json\/wp\/v2\/pages"}],"about":[{"href":"https:\/\/www.skupina75.it\/it\/wp-json\/wp\/v2\/types\/page"}],"author":[{"embeddable":true,"href":"https:\/\/www.skupina75.it\/it\/wp-json\/wp\/v2\/users\/1"}],"replies":[{"embeddable":true,"href":"https:\/\/www.skupina75.it\/it\/wp-json\/wp\/v2\/comments?post=30"}],"version-history":[{"count":15,"href":"https:\/\/www.skupina75.it\/it\/wp-json\/wp\/v2\/pages\/30\/revisions"}],"predecessor-version":[{"id":2100,"href":"https:\/\/www.skupina75.it\/it\/wp-json\/wp\/v2\/pages\/30\/revisions\/2100"}],"wp:attachment":[{"href":"https:\/\/www.skupina75.it\/it\/wp-json\/wp\/v2\/media?parent=30"}],"curies":[{"name":"wp","href":"https:\/\/api.w.org\/{rel}","templated":true}]}}