{"id":297,"date":"2012-05-27T13:49:41","date_gmt":"2012-05-27T13:49:41","guid":{"rendered":"http:\/\/www.skupina75.it\/?page_id=297"},"modified":"2018-10-10T13:59:18","modified_gmt":"2018-10-10T13:59:18","slug":"11-fotosrecanje","status":"publish","type":"page","link":"https:\/\/www.skupina75.it\/it\/fotosrecanje\/11-fotosrecanje\/","title":{"rendered":"11. Fotoincontro"},"content":{"rendered":"<p><\/p>\n<p>Inaugurazione il 10.ottobre 2009 alle 18.30, Kulturni dom di Gorizia.<br \/>\n<a href=\"http:\/\/maps.google.com\/places\/it\/gorizia\/via-italico-brass\/20\/-kulturni-dom-gorica\" target=\"_blank\">[where]<\/a><\/p>\n<p>Espongono:<br \/>\nDaniele Barbagli .it<br \/>\nNino Cannizzaro .it<br \/>\nBla\u017e Erzeti\u010d .si<br \/>\nNata\u0161a Radovi\u0107 .hr<br \/>\nIgor Skorjanc .it<br \/>\nNina Todorovi\u0107 .rs<br \/>\nCircolo Fotografico \u201cPhoto 88\u201d .it<\/p>\n<p><a href=\"http:\/\/www.skupina75.it\/wp-content\/uploads\/2012\/05\/katalog-11-fotosrecanje-2009.pdf\">Catalogo 11. fotoincontro 2009<\/a><br \/>\n<\/p>","protected":false},"excerpt":{"rendered":"<p>Inaugurazione il 10.ottobre 2009 alle 18.30, Kulturni dom di Gorizia. [where] Espongono: Daniele Barbagli .it Nino Cannizzaro .it Bla\u017e Erzeti\u010d .si Nata\u0161a Radovi\u0107 .hr Igor Skorjanc .it Nina Todorovi\u0107 .rs Circolo Fotografico \u201cPhoto 88\u201d .it Catalogo 11. fotoincontro 2009<\/p>\n","protected":false},"author":1,"featured_media":0,"parent":12,"menu_order":8,"comment_status":"closed","ping_status":"closed","template":"","meta":{"footnotes":""},"class_list":["post-297","page","type-page","status-publish","hentry"],"_links":{"self":[{"href":"https:\/\/www.skupina75.it\/it\/wp-json\/wp\/v2\/pages\/297","targetHints":{"allow":["GET"]}}],"collection":[{"href":"https:\/\/www.skupina75.it\/it\/wp-json\/wp\/v2\/pages"}],"about":[{"href":"https:\/\/www.skupina75.it\/it\/wp-json\/wp\/v2\/types\/page"}],"author":[{"embeddable":true,"href":"https:\/\/www.skupina75.it\/it\/wp-json\/wp\/v2\/users\/1"}],"replies":[{"embeddable":true,"href":"https:\/\/www.skupina75.it\/it\/wp-json\/wp\/v2\/comments?post=297"}],"version-history":[{"count":6,"href":"https:\/\/www.skupina75.it\/it\/wp-json\/wp\/v2\/pages\/297\/revisions"}],"predecessor-version":[{"id":3267,"href":"https:\/\/www.skupina75.it\/it\/wp-json\/wp\/v2\/pages\/297\/revisions\/3267"}],"up":[{"embeddable":true,"href":"https:\/\/www.skupina75.it\/it\/wp-json\/wp\/v2\/pages\/12"}],"wp:attachment":[{"href":"https:\/\/www.skupina75.it\/it\/wp-json\/wp\/v2\/media?parent=297"}],"curies":[{"name":"wp","href":"https:\/\/api.w.org\/{rel}","templated":true}]}}