{"id":292,"date":"2012-05-27T13:10:40","date_gmt":"2012-05-27T13:10:40","guid":{"rendered":"http:\/\/www.skupina75.it\/?page_id=292"},"modified":"2015-09-13T14:15:58","modified_gmt":"2015-09-13T14:15:58","slug":"matej-ratko","status":"publish","type":"page","link":"https:\/\/www.skupina75.it\/it\/clani-fotokluba\/matej-ratko\/","title":{"rendered":"Matej Ratko"},"content":{"rendered":"<p>Rojen je leta 1977 v \u0160empetru pri Novi Gorici. Navdu\u0161en nad fotografijo \u017ee v osnovni \u0161oli, ampak je za\u010del resneje fotografirati \u0161ele leta 2008, Takrat si je tudi\u00a0kupil svoj prvi digitalni fotoaparat. Po za\u010detnem navdu\u0161enju nad vsemi zvrstmi, je fotografiral predvsem naravo, kasneje pa sem ugotovil da so mu\u00a0bolj pri srcu fotografije z\u00a0ljudmi. Nekaj malega\u00a0se je ukvarjal tudi s studijsko fotografijo.<\/p>\n<p>Studijska fotografija:<\/p>\n<div id='gallery-1' class='gallery galleryid-292 gallery-columns-7 gallery-size-thumbnail'><dl class='gallery-item'>\n\t\t\t<dt class='gallery-icon portrait'>\n\t\t\t\t<a href='https:\/\/www.skupina75.it\/wp-content\/uploads\/2012\/05\/IMG_87942-Edit.jpg' title=\"\" data-rl_title=\"\" class=\"rl-gallery-link\" data-rl_caption=\"\" data-rel=\"lightbox-gallery-1\"><img loading=\"lazy\" decoding=\"async\" width=\"188\" height=\"188\" src=\"https:\/\/www.skupina75.it\/wp-content\/uploads\/2012\/05\/IMG_87942-Edit-188x188.jpg\" class=\"attachment-thumbnail size-thumbnail\" alt=\"\" srcset=\"https:\/\/www.skupina75.it\/wp-content\/uploads\/2012\/05\/IMG_87942-Edit-188x188.jpg 188w, https:\/\/www.skupina75.it\/wp-content\/uploads\/2012\/05\/IMG_87942-Edit-88x88.jpg 88w\" sizes=\"auto, (max-width: 188px) 100vw, 188px\" \/><\/a>\n\t\t\t<\/dt><\/dl><dl class='gallery-item'>\n\t\t\t<dt class='gallery-icon portrait'>\n\t\t\t\t<a href='https:\/\/www.skupina75.it\/wp-content\/uploads\/2012\/05\/IMG_0919-Edit.jpg' title=\"\" data-rl_title=\"\" class=\"rl-gallery-link\" data-rl_caption=\"\" data-rel=\"lightbox-gallery-1\"><img loading=\"lazy\" decoding=\"async\" width=\"188\" height=\"188\" src=\"https:\/\/www.skupina75.it\/wp-content\/uploads\/2012\/05\/IMG_0919-Edit-188x188.jpg\" class=\"attachment-thumbnail size-thumbnail\" alt=\"\" srcset=\"https:\/\/www.skupina75.it\/wp-content\/uploads\/2012\/05\/IMG_0919-Edit-188x188.jpg 188w, https:\/\/www.skupina75.it\/wp-content\/uploads\/2012\/05\/IMG_0919-Edit-88x88.jpg 88w\" sizes=\"auto, (max-width: 188px) 100vw, 188px\" \/><\/a>\n\t\t\t<\/dt><\/dl><dl class='gallery-item'>\n\t\t\t<dt class='gallery-icon portrait'>\n\t\t\t\t<a href='https:\/\/www.skupina75.it\/wp-content\/uploads\/2012\/05\/IMG_1064-Edit.jpg' title=\"\" data-rl_title=\"\" class=\"rl-gallery-link\" data-rl_caption=\"\" data-rel=\"lightbox-gallery-1\"><img loading=\"lazy\" decoding=\"async\" width=\"188\" height=\"188\" src=\"https:\/\/www.skupina75.it\/wp-content\/uploads\/2012\/05\/IMG_1064-Edit-188x188.jpg\" class=\"attachment-thumbnail size-thumbnail\" alt=\"\" srcset=\"https:\/\/www.skupina75.it\/wp-content\/uploads\/2012\/05\/IMG_1064-Edit-188x188.jpg 188w, https:\/\/www.skupina75.it\/wp-content\/uploads\/2012\/05\/IMG_1064-Edit-88x88.jpg 88w\" sizes=\"auto, (max-width: 188px) 100vw, 188px\" \/><\/a>\n\t\t\t<\/dt><\/dl><dl class='gallery-item'>\n\t\t\t<dt class='gallery-icon portrait'>\n\t\t\t\t<a href='https:\/\/www.skupina75.it\/wp-content\/uploads\/2012\/05\/IMG_53290.jpg' title=\"\" data-rl_title=\"\" class=\"rl-gallery-link\" data-rl_caption=\"\" data-rel=\"lightbox-gallery-1\"><img loading=\"lazy\" decoding=\"async\" width=\"188\" height=\"188\" src=\"https:\/\/www.skupina75.it\/wp-content\/uploads\/2012\/05\/IMG_53290-188x188.jpg\" class=\"attachment-thumbnail size-thumbnail\" alt=\"\" srcset=\"https:\/\/www.skupina75.it\/wp-content\/uploads\/2012\/05\/IMG_53290-188x188.jpg 188w, https:\/\/www.skupina75.it\/wp-content\/uploads\/2012\/05\/IMG_53290-88x88.jpg 88w\" sizes=\"auto, (max-width: 188px) 100vw, 188px\" \/><\/a>\n\t\t\t<\/dt><\/dl><dl class='gallery-item'>\n\t\t\t<dt class='gallery-icon portrait'>\n\t\t\t\t<a href='https:\/\/www.skupina75.it\/wp-content\/uploads\/2012\/05\/IMG_55327-Edit.jpg' title=\"\" data-rl_title=\"\" class=\"rl-gallery-link\" data-rl_caption=\"\" data-rel=\"lightbox-gallery-1\"><img loading=\"lazy\" decoding=\"async\" width=\"188\" height=\"188\" src=\"https:\/\/www.skupina75.it\/wp-content\/uploads\/2012\/05\/IMG_55327-Edit-188x188.jpg\" class=\"attachment-thumbnail size-thumbnail\" alt=\"\" srcset=\"https:\/\/www.skupina75.it\/wp-content\/uploads\/2012\/05\/IMG_55327-Edit-188x188.jpg 188w, https:\/\/www.skupina75.it\/wp-content\/uploads\/2012\/05\/IMG_55327-Edit-88x88.jpg 88w\" sizes=\"auto, (max-width: 188px) 100vw, 188px\" \/><\/a>\n\t\t\t<\/dt><\/dl><dl class='gallery-item'>\n\t\t\t<dt class='gallery-icon portrait'>\n\t\t\t\t<a href='https:\/\/www.skupina75.it\/wp-content\/uploads\/2012\/05\/IMG_81273-Edit.jpg' title=\"\" data-rl_title=\"\" class=\"rl-gallery-link\" data-rl_caption=\"\" data-rel=\"lightbox-gallery-1\"><img loading=\"lazy\" decoding=\"async\" width=\"188\" height=\"188\" src=\"https:\/\/www.skupina75.it\/wp-content\/uploads\/2012\/05\/IMG_81273-Edit-188x188.jpg\" class=\"attachment-thumbnail size-thumbnail\" alt=\"\" srcset=\"https:\/\/www.skupina75.it\/wp-content\/uploads\/2012\/05\/IMG_81273-Edit-188x188.jpg 188w, https:\/\/www.skupina75.it\/wp-content\/uploads\/2012\/05\/IMG_81273-Edit-88x88.jpg 88w\" sizes=\"auto, (max-width: 188px) 100vw, 188px\" \/><\/a>\n\t\t\t<\/dt><\/dl><dl class='gallery-item'>\n\t\t\t<dt class='gallery-icon portrait'>\n\t\t\t\t<a href='https:\/\/www.skupina75.it\/wp-content\/uploads\/2012\/05\/IMG_81327-Edit.jpg' title=\"\" data-rl_title=\"\" class=\"rl-gallery-link\" data-rl_caption=\"\" data-rel=\"lightbox-gallery-1\"><img loading=\"lazy\" decoding=\"async\" width=\"188\" height=\"188\" src=\"https:\/\/www.skupina75.it\/wp-content\/uploads\/2012\/05\/IMG_81327-Edit-188x188.jpg\" class=\"attachment-thumbnail size-thumbnail\" alt=\"\" srcset=\"https:\/\/www.skupina75.it\/wp-content\/uploads\/2012\/05\/IMG_81327-Edit-188x188.jpg 188w, https:\/\/www.skupina75.it\/wp-content\/uploads\/2012\/05\/IMG_81327-Edit-88x88.jpg 88w\" sizes=\"auto, (max-width: 188px) 100vw, 188px\" \/><\/a>\n\t\t\t<\/dt><\/dl><br style=\"clear: both\" \/>\n\t\t<\/div>\n\n<p>Street fotografija:<\/p>\n<div id='gallery-2' class='gallery galleryid-292 gallery-columns-7 gallery-size-thumbnail'><dl class='gallery-item'>\n\t\t\t<dt class='gallery-icon landscape'>\n\t\t\t\t<a href='https:\/\/www.skupina75.it\/wp-content\/uploads\/2012\/05\/IMG_62165.jpg' title=\"\" data-rl_title=\"\" class=\"rl-gallery-link\" data-rl_caption=\"\" data-rel=\"lightbox-gallery-2\"><img loading=\"lazy\" decoding=\"async\" width=\"188\" height=\"188\" src=\"https:\/\/www.skupina75.it\/wp-content\/uploads\/2012\/05\/IMG_62165-188x188.jpg\" class=\"attachment-thumbnail size-thumbnail\" alt=\"\" srcset=\"https:\/\/www.skupina75.it\/wp-content\/uploads\/2012\/05\/IMG_62165-188x188.jpg 188w, https:\/\/www.skupina75.it\/wp-content\/uploads\/2012\/05\/IMG_62165-88x88.jpg 88w\" sizes=\"auto, (max-width: 188px) 100vw, 188px\" \/><\/a>\n\t\t\t<\/dt><\/dl><dl class='gallery-item'>\n\t\t\t<dt class='gallery-icon landscape'>\n\t\t\t\t<a href='https:\/\/www.skupina75.it\/wp-content\/uploads\/2012\/05\/IMG_73037.jpg' title=\"\" data-rl_title=\"\" class=\"rl-gallery-link\" data-rl_caption=\"\" data-rel=\"lightbox-gallery-2\"><img loading=\"lazy\" decoding=\"async\" width=\"188\" height=\"188\" src=\"https:\/\/www.skupina75.it\/wp-content\/uploads\/2012\/05\/IMG_73037-188x188.jpg\" class=\"attachment-thumbnail size-thumbnail\" alt=\"\" srcset=\"https:\/\/www.skupina75.it\/wp-content\/uploads\/2012\/05\/IMG_73037-188x188.jpg 188w, https:\/\/www.skupina75.it\/wp-content\/uploads\/2012\/05\/IMG_73037-88x88.jpg 88w\" sizes=\"auto, (max-width: 188px) 100vw, 188px\" \/><\/a>\n\t\t\t<\/dt><\/dl><dl class='gallery-item'>\n\t\t\t<dt class='gallery-icon landscape'>\n\t\t\t\t<a href='https:\/\/www.skupina75.it\/wp-content\/uploads\/2012\/05\/IMG_73025.jpg' title=\"\" data-rl_title=\"\" class=\"rl-gallery-link\" data-rl_caption=\"\" data-rel=\"lightbox-gallery-2\"><img loading=\"lazy\" decoding=\"async\" width=\"188\" height=\"188\" src=\"https:\/\/www.skupina75.it\/wp-content\/uploads\/2012\/05\/IMG_73025-188x188.jpg\" class=\"attachment-thumbnail size-thumbnail\" alt=\"\" srcset=\"https:\/\/www.skupina75.it\/wp-content\/uploads\/2012\/05\/IMG_73025-188x188.jpg 188w, https:\/\/www.skupina75.it\/wp-content\/uploads\/2012\/05\/IMG_73025-88x88.jpg 88w\" sizes=\"auto, (max-width: 188px) 100vw, 188px\" \/><\/a>\n\t\t\t<\/dt><\/dl><dl class='gallery-item'>\n\t\t\t<dt class='gallery-icon landscape'>\n\t\t\t\t<a href='https:\/\/www.skupina75.it\/wp-content\/uploads\/2012\/05\/IMG_73021.jpg' title=\"\" data-rl_title=\"\" class=\"rl-gallery-link\" data-rl_caption=\"\" data-rel=\"lightbox-gallery-2\"><img loading=\"lazy\" decoding=\"async\" width=\"188\" height=\"188\" src=\"https:\/\/www.skupina75.it\/wp-content\/uploads\/2012\/05\/IMG_73021-188x188.jpg\" class=\"attachment-thumbnail size-thumbnail\" alt=\"\" srcset=\"https:\/\/www.skupina75.it\/wp-content\/uploads\/2012\/05\/IMG_73021-188x188.jpg 188w, https:\/\/www.skupina75.it\/wp-content\/uploads\/2012\/05\/IMG_73021-88x88.jpg 88w\" sizes=\"auto, (max-width: 188px) 100vw, 188px\" \/><\/a>\n\t\t\t<\/dt><\/dl><dl class='gallery-item'>\n\t\t\t<dt class='gallery-icon landscape'>\n\t\t\t\t<a href='https:\/\/www.skupina75.it\/wp-content\/uploads\/2012\/05\/IMG_62173.jpg' title=\"\" data-rl_title=\"\" class=\"rl-gallery-link\" data-rl_caption=\"\" data-rel=\"lightbox-gallery-2\"><img loading=\"lazy\" decoding=\"async\" width=\"188\" height=\"188\" src=\"https:\/\/www.skupina75.it\/wp-content\/uploads\/2012\/05\/IMG_62173-188x188.jpg\" class=\"attachment-thumbnail size-thumbnail\" alt=\"\" srcset=\"https:\/\/www.skupina75.it\/wp-content\/uploads\/2012\/05\/IMG_62173-188x188.jpg 188w, https:\/\/www.skupina75.it\/wp-content\/uploads\/2012\/05\/IMG_62173-88x88.jpg 88w\" sizes=\"auto, (max-width: 188px) 100vw, 188px\" \/><\/a>\n\t\t\t<\/dt><\/dl>\n\t\t\t<br style='clear: both' \/>\n\t\t<\/div>\n\n","protected":false},"excerpt":{"rendered":"<p>Rojen je leta 1977 v \u0160empetru pri Novi Gorici. Navdu\u0161en nad fotografijo \u017ee v osnovni \u0161oli, ampak je za\u010del resneje fotografirati \u0161ele leta 2008, Takrat si je tudi\u00a0kupil svoj prvi digitalni fotoaparat. Po za\u010detnem navdu\u0161enju nad vsemi zvrstmi, je fotografiral predvsem naravo, kasneje pa sem ugotovil da so mu\u00a0bolj pri srcu fotografije z\u00a0ljudmi. Nekaj malega\u00a0se [&hellip;]<\/p>\n","protected":false},"author":1,"featured_media":0,"parent":30,"menu_order":31,"comment_status":"closed","ping_status":"open","template":"","meta":{"footnotes":""},"class_list":["post-292","page","type-page","status-publish","hentry"],"_links":{"self":[{"href":"https:\/\/www.skupina75.it\/it\/wp-json\/wp\/v2\/pages\/292","targetHints":{"allow":["GET"]}}],"collection":[{"href":"https:\/\/www.skupina75.it\/it\/wp-json\/wp\/v2\/pages"}],"about":[{"href":"https:\/\/www.skupina75.it\/it\/wp-json\/wp\/v2\/types\/page"}],"author":[{"embeddable":true,"href":"https:\/\/www.skupina75.it\/it\/wp-json\/wp\/v2\/users\/1"}],"replies":[{"embeddable":true,"href":"https:\/\/www.skupina75.it\/it\/wp-json\/wp\/v2\/comments?post=292"}],"version-history":[{"count":9,"href":"https:\/\/www.skupina75.it\/it\/wp-json\/wp\/v2\/pages\/292\/revisions"}],"predecessor-version":[{"id":2487,"href":"https:\/\/www.skupina75.it\/it\/wp-json\/wp\/v2\/pages\/292\/revisions\/2487"}],"up":[{"embeddable":true,"href":"https:\/\/www.skupina75.it\/it\/wp-json\/wp\/v2\/pages\/30"}],"wp:attachment":[{"href":"https:\/\/www.skupina75.it\/it\/wp-json\/wp\/v2\/media?parent=292"}],"curies":[{"name":"wp","href":"https:\/\/api.w.org\/{rel}","templated":true}]}}