{"id":267,"date":"2012-05-27T13:05:26","date_gmt":"2012-05-27T13:05:26","guid":{"rendered":"http:\/\/www.skupina75.it\/?page_id=267"},"modified":"2013-05-11T19:46:10","modified_gmt":"2013-05-11T19:46:10","slug":"boris-princic","status":"publish","type":"page","link":"https:\/\/www.skupina75.it\/it\/clani-fotokluba\/boris-princic\/","title":{"rendered":"Boris Prin\u010di\u010d"},"content":{"rendered":"<p>\u017divi na Proseku na tr\u017ea\u0161kem Krasu. Je \u010dlan fotokluba Skupina 75 iz Gorice. Fotografijo je vzljubil \u017ee kot najstnik. Od leta 2006 se s fotografiranjem ukvarja profesionalno. Junija letos je odprl fotografski studio BP 08 na Proseku.<br \/>\nSodeloval je pri skupinskih razstavah v Gorici, Zagrebu, in na Mad\u017earskem. Samostojno razstavo je imel v Ljubljani februarja 2005. Maja 2006 je razstavljal v \u0160martnem na prazniku \u010de\u0161enj.<br \/>\nNajraje fotografira tiho\u017eitja, ki jih predhodno zre\u017eira, s kombinacijo razli\u010dnih virov svetlobe pa jim sku\u0161a dodati edinstven naboj. Tako sta nastali seriji fotografij stekleni\u010dk in kamnov.<br \/>\nSlu\u017ebeno se ukvarja s poro\u010dno fotografijo, portretno, still life, itd. Fotografira gledali\u0161ke predstave, koncerte in kulturne ter \u0161portne prireditve. Njegove fotografije so objavljene v krajevnem \u010dasopisju, raznih bro\u0161urah in knjigah.<\/p>\n<h2>Gallery<\/h2>\n<h2><div id='gallery-2' class='gallery galleryid-267 gallery-columns-6 gallery-size-thumbnail'><dl class='gallery-item'>\n\t\t\t<dt class='gallery-icon landscape'>\n\t\t\t\t<a href='https:\/\/www.skupina75.it\/wp-content\/uploads\/2012\/05\/008.jpg' title=\"\" data-rl_title=\"\" class=\"rl-gallery-link\" data-rl_caption=\"\" data-rel=\"lightbox-gallery-2\"><img loading=\"lazy\" decoding=\"async\" width=\"188\" height=\"188\" src=\"https:\/\/www.skupina75.it\/wp-content\/uploads\/2012\/05\/008-188x188.jpg\" class=\"attachment-thumbnail size-thumbnail\" alt=\"\" srcset=\"https:\/\/www.skupina75.it\/wp-content\/uploads\/2012\/05\/008-188x188.jpg 188w, https:\/\/www.skupina75.it\/wp-content\/uploads\/2012\/05\/008-88x88.jpg 88w\" sizes=\"auto, (max-width: 188px) 100vw, 188px\" \/><\/a>\n\t\t\t<\/dt><\/dl><dl class='gallery-item'>\n\t\t\t<dt class='gallery-icon landscape'>\n\t\t\t\t<a href='https:\/\/www.skupina75.it\/wp-content\/uploads\/2012\/05\/009.jpg' title=\"\" data-rl_title=\"\" class=\"rl-gallery-link\" data-rl_caption=\"\" data-rel=\"lightbox-gallery-2\"><img loading=\"lazy\" decoding=\"async\" width=\"188\" height=\"188\" src=\"https:\/\/www.skupina75.it\/wp-content\/uploads\/2012\/05\/009-188x188.jpg\" class=\"attachment-thumbnail size-thumbnail\" alt=\"\" srcset=\"https:\/\/www.skupina75.it\/wp-content\/uploads\/2012\/05\/009-188x188.jpg 188w, https:\/\/www.skupina75.it\/wp-content\/uploads\/2012\/05\/009-88x88.jpg 88w\" sizes=\"auto, (max-width: 188px) 100vw, 188px\" \/><\/a>\n\t\t\t<\/dt><\/dl><dl class='gallery-item'>\n\t\t\t<dt class='gallery-icon landscape'>\n\t\t\t\t<a href='https:\/\/www.skupina75.it\/wp-content\/uploads\/2012\/05\/010.jpg' title=\"\" data-rl_title=\"\" class=\"rl-gallery-link\" data-rl_caption=\"\" data-rel=\"lightbox-gallery-2\"><img loading=\"lazy\" decoding=\"async\" width=\"188\" height=\"188\" src=\"https:\/\/www.skupina75.it\/wp-content\/uploads\/2012\/05\/010-188x188.jpg\" class=\"attachment-thumbnail size-thumbnail\" alt=\"\" srcset=\"https:\/\/www.skupina75.it\/wp-content\/uploads\/2012\/05\/010-188x188.jpg 188w, https:\/\/www.skupina75.it\/wp-content\/uploads\/2012\/05\/010-88x88.jpg 88w\" sizes=\"auto, (max-width: 188px) 100vw, 188px\" \/><\/a>\n\t\t\t<\/dt><\/dl><dl class='gallery-item'>\n\t\t\t<dt class='gallery-icon landscape'>\n\t\t\t\t<a href='https:\/\/www.skupina75.it\/wp-content\/uploads\/2012\/05\/001.jpg' title=\"\" data-rl_title=\"\" class=\"rl-gallery-link\" data-rl_caption=\"\" data-rel=\"lightbox-gallery-2\"><img loading=\"lazy\" decoding=\"async\" width=\"188\" height=\"188\" src=\"https:\/\/www.skupina75.it\/wp-content\/uploads\/2012\/05\/001-188x188.jpg\" class=\"attachment-thumbnail size-thumbnail\" alt=\"\" srcset=\"https:\/\/www.skupina75.it\/wp-content\/uploads\/2012\/05\/001-188x188.jpg 188w, https:\/\/www.skupina75.it\/wp-content\/uploads\/2012\/05\/001-88x88.jpg 88w\" sizes=\"auto, (max-width: 188px) 100vw, 188px\" \/><\/a>\n\t\t\t<\/dt><\/dl><dl class='gallery-item'>\n\t\t\t<dt class='gallery-icon landscape'>\n\t\t\t\t<a href='https:\/\/www.skupina75.it\/wp-content\/uploads\/2012\/05\/002.jpg' title=\"\" data-rl_title=\"\" class=\"rl-gallery-link\" data-rl_caption=\"\" data-rel=\"lightbox-gallery-2\"><img loading=\"lazy\" decoding=\"async\" width=\"188\" height=\"188\" src=\"https:\/\/www.skupina75.it\/wp-content\/uploads\/2012\/05\/002-188x188.jpg\" class=\"attachment-thumbnail size-thumbnail\" alt=\"\" srcset=\"https:\/\/www.skupina75.it\/wp-content\/uploads\/2012\/05\/002-188x188.jpg 188w, https:\/\/www.skupina75.it\/wp-content\/uploads\/2012\/05\/002-88x88.jpg 88w\" sizes=\"auto, (max-width: 188px) 100vw, 188px\" \/><\/a>\n\t\t\t<\/dt><\/dl><dl class='gallery-item'>\n\t\t\t<dt class='gallery-icon landscape'>\n\t\t\t\t<a href='https:\/\/www.skupina75.it\/wp-content\/uploads\/2012\/05\/003.jpg' title=\"\" data-rl_title=\"\" class=\"rl-gallery-link\" data-rl_caption=\"\" data-rel=\"lightbox-gallery-2\"><img loading=\"lazy\" decoding=\"async\" width=\"188\" height=\"188\" src=\"https:\/\/www.skupina75.it\/wp-content\/uploads\/2012\/05\/003-188x188.jpg\" class=\"attachment-thumbnail size-thumbnail\" alt=\"\" srcset=\"https:\/\/www.skupina75.it\/wp-content\/uploads\/2012\/05\/003-188x188.jpg 188w, https:\/\/www.skupina75.it\/wp-content\/uploads\/2012\/05\/003-88x88.jpg 88w\" sizes=\"auto, (max-width: 188px) 100vw, 188px\" \/><\/a>\n\t\t\t<\/dt><\/dl><br style=\"clear: both\" \/><dl class='gallery-item'>\n\t\t\t<dt class='gallery-icon landscape'>\n\t\t\t\t<a href='https:\/\/www.skupina75.it\/wp-content\/uploads\/2012\/05\/004.jpg' title=\"\" data-rl_title=\"\" class=\"rl-gallery-link\" data-rl_caption=\"\" data-rel=\"lightbox-gallery-2\"><img loading=\"lazy\" decoding=\"async\" width=\"188\" height=\"188\" src=\"https:\/\/www.skupina75.it\/wp-content\/uploads\/2012\/05\/004-188x188.jpg\" class=\"attachment-thumbnail size-thumbnail\" alt=\"\" srcset=\"https:\/\/www.skupina75.it\/wp-content\/uploads\/2012\/05\/004-188x188.jpg 188w, https:\/\/www.skupina75.it\/wp-content\/uploads\/2012\/05\/004-88x88.jpg 88w\" sizes=\"auto, (max-width: 188px) 100vw, 188px\" \/><\/a>\n\t\t\t<\/dt><\/dl><dl class='gallery-item'>\n\t\t\t<dt class='gallery-icon landscape'>\n\t\t\t\t<a href='https:\/\/www.skupina75.it\/wp-content\/uploads\/2012\/05\/005.jpg' title=\"\" data-rl_title=\"\" class=\"rl-gallery-link\" data-rl_caption=\"\" data-rel=\"lightbox-gallery-2\"><img loading=\"lazy\" decoding=\"async\" width=\"188\" height=\"188\" src=\"https:\/\/www.skupina75.it\/wp-content\/uploads\/2012\/05\/005-188x188.jpg\" class=\"attachment-thumbnail size-thumbnail\" alt=\"\" srcset=\"https:\/\/www.skupina75.it\/wp-content\/uploads\/2012\/05\/005-188x188.jpg 188w, https:\/\/www.skupina75.it\/wp-content\/uploads\/2012\/05\/005-88x88.jpg 88w\" sizes=\"auto, (max-width: 188px) 100vw, 188px\" \/><\/a>\n\t\t\t<\/dt><\/dl><dl class='gallery-item'>\n\t\t\t<dt class='gallery-icon landscape'>\n\t\t\t\t<a href='https:\/\/www.skupina75.it\/wp-content\/uploads\/2012\/05\/006.jpg' title=\"\" data-rl_title=\"\" class=\"rl-gallery-link\" data-rl_caption=\"\" data-rel=\"lightbox-gallery-2\"><img loading=\"lazy\" decoding=\"async\" width=\"188\" height=\"188\" src=\"https:\/\/www.skupina75.it\/wp-content\/uploads\/2012\/05\/006-188x188.jpg\" class=\"attachment-thumbnail size-thumbnail\" alt=\"\" srcset=\"https:\/\/www.skupina75.it\/wp-content\/uploads\/2012\/05\/006-188x188.jpg 188w, https:\/\/www.skupina75.it\/wp-content\/uploads\/2012\/05\/006-88x88.jpg 88w\" sizes=\"auto, (max-width: 188px) 100vw, 188px\" \/><\/a>\n\t\t\t<\/dt><\/dl><dl class='gallery-item'>\n\t\t\t<dt class='gallery-icon landscape'>\n\t\t\t\t<a href='https:\/\/www.skupina75.it\/wp-content\/uploads\/2012\/05\/007.jpg' title=\"\" data-rl_title=\"\" class=\"rl-gallery-link\" data-rl_caption=\"\" data-rel=\"lightbox-gallery-2\"><img loading=\"lazy\" decoding=\"async\" width=\"188\" height=\"188\" src=\"https:\/\/www.skupina75.it\/wp-content\/uploads\/2012\/05\/007-188x188.jpg\" class=\"attachment-thumbnail size-thumbnail\" alt=\"\" srcset=\"https:\/\/www.skupina75.it\/wp-content\/uploads\/2012\/05\/007-188x188.jpg 188w, https:\/\/www.skupina75.it\/wp-content\/uploads\/2012\/05\/007-88x88.jpg 88w\" sizes=\"auto, (max-width: 188px) 100vw, 188px\" \/><\/a>\n\t\t\t<\/dt><\/dl>\n\t\t\t<br style='clear: both' \/>\n\t\t<\/div>\n<\/h2>\n<p><\/p>","protected":false},"excerpt":{"rendered":"<p>\u017divi na Proseku na tr\u017ea\u0161kem Krasu. Je \u010dlan fotokluba Skupina 75 iz Gorice. Fotografijo je vzljubil \u017ee kot najstnik. Od leta 2006 se s fotografiranjem ukvarja profesionalno. Junija letos je odprl fotografski studio BP 08 na Proseku. Sodeloval je pri skupinskih razstavah v Gorici, Zagrebu, in na Mad\u017earskem. Samostojno razstavo je imel v Ljubljani februarja [&hellip;]<\/p>\n","protected":false},"author":1,"featured_media":277,"parent":30,"menu_order":27,"comment_status":"closed","ping_status":"open","template":"","meta":{"footnotes":""},"class_list":["post-267","page","type-page","status-publish","has-post-thumbnail","hentry"],"_links":{"self":[{"href":"https:\/\/www.skupina75.it\/it\/wp-json\/wp\/v2\/pages\/267","targetHints":{"allow":["GET"]}}],"collection":[{"href":"https:\/\/www.skupina75.it\/it\/wp-json\/wp\/v2\/pages"}],"about":[{"href":"https:\/\/www.skupina75.it\/it\/wp-json\/wp\/v2\/types\/page"}],"author":[{"embeddable":true,"href":"https:\/\/www.skupina75.it\/it\/wp-json\/wp\/v2\/users\/1"}],"replies":[{"embeddable":true,"href":"https:\/\/www.skupina75.it\/it\/wp-json\/wp\/v2\/comments?post=267"}],"version-history":[{"count":4,"href":"https:\/\/www.skupina75.it\/it\/wp-json\/wp\/v2\/pages\/267\/revisions"}],"predecessor-version":[{"id":948,"href":"https:\/\/www.skupina75.it\/it\/wp-json\/wp\/v2\/pages\/267\/revisions\/948"}],"up":[{"embeddable":true,"href":"https:\/\/www.skupina75.it\/it\/wp-json\/wp\/v2\/pages\/30"}],"wp:featuredmedia":[{"embeddable":true,"href":"https:\/\/www.skupina75.it\/it\/wp-json\/wp\/v2\/media\/277"}],"wp:attachment":[{"href":"https:\/\/www.skupina75.it\/it\/wp-json\/wp\/v2\/media?parent=267"}],"curies":[{"name":"wp","href":"https:\/\/api.w.org\/{rel}","templated":true}]}}