{"id":176,"date":"2012-05-27T12:16:58","date_gmt":"2012-05-27T12:16:58","guid":{"rendered":"http:\/\/www.skupina75.it\/?page_id=176"},"modified":"2015-03-27T17:54:56","modified_gmt":"2015-03-27T17:54:56","slug":"loredana-princic","status":"publish","type":"page","link":"https:\/\/www.skupina75.it\/it\/clani-fotokluba\/loredana-princic\/","title":{"rendered":"Loredana Prin\u010di\u010d"},"content":{"rendered":"<p><\/p>\n<div>Goriziana fotografa dagli anni Novanta prediligendo la fotografia in bianco-nero e le installazioni fotografiche. Ama sviluppare spesso tematiche sociali che esulano per\u00f2 dall&#8217;impatto descrittivo della fotografia per inoltrarsi negli spazi pi\u00f9 intimi e riflessivi dell&#8217;animo umano. Socia attiva del fotoclub Skupina 75, Loredana si \u00e8 sempre caratterizzata per l&#8217;interesse dimostrato per la realt\u00e0 che la circonda interpretando, attraverso il linguaggio fotografico, il disagio che questa societ\u00e0 vive affrontando e proponendo temi particolarmente impegnativi. Pur adoperando la tecnica dello scatto digitale, ha sempre voluto che il risultato finale delle sue opere fosse indenne da possibili manipolazioni in post-produzione con l&#8217;unica eccezione ammessa, semmai relativa alla sola gestione della cromia.<\/div>\n<p><div id='gallery-2' class='gallery galleryid-176 gallery-columns-6 gallery-size-thumbnail'><dl class='gallery-item'>\n\t\t\t<dt class='gallery-icon landscape'>\n\t\t\t\t<a href='https:\/\/www.skupina75.it\/wp-content\/uploads\/2012\/05\/IMG_9884.jpg' title=\"\" data-rl_title=\"\" class=\"rl-gallery-link\" data-rl_caption=\"\" data-rel=\"lightbox-gallery-2\"><img loading=\"lazy\" decoding=\"async\" width=\"188\" height=\"188\" src=\"https:\/\/www.skupina75.it\/wp-content\/uploads\/2012\/05\/IMG_9884-188x188.jpg\" class=\"attachment-thumbnail size-thumbnail\" alt=\"\" srcset=\"https:\/\/www.skupina75.it\/wp-content\/uploads\/2012\/05\/IMG_9884-188x188.jpg 188w, https:\/\/www.skupina75.it\/wp-content\/uploads\/2012\/05\/IMG_9884-288x288.jpg 288w, https:\/\/www.skupina75.it\/wp-content\/uploads\/2012\/05\/IMG_9884-494x494.jpg 494w, https:\/\/www.skupina75.it\/wp-content\/uploads\/2012\/05\/IMG_9884.jpg 751w\" sizes=\"auto, (max-width: 188px) 100vw, 188px\" \/><\/a>\n\t\t\t<\/dt><\/dl><dl class='gallery-item'>\n\t\t\t<dt class='gallery-icon landscape'>\n\t\t\t\t<a href='https:\/\/www.skupina75.it\/wp-content\/uploads\/2012\/05\/IMG_9885.jpg' title=\"\" data-rl_title=\"\" class=\"rl-gallery-link\" data-rl_caption=\"\" data-rel=\"lightbox-gallery-2\"><img loading=\"lazy\" decoding=\"async\" width=\"188\" height=\"188\" src=\"https:\/\/www.skupina75.it\/wp-content\/uploads\/2012\/05\/IMG_9885-188x188.jpg\" class=\"attachment-thumbnail size-thumbnail\" alt=\"\" srcset=\"https:\/\/www.skupina75.it\/wp-content\/uploads\/2012\/05\/IMG_9885-188x188.jpg 188w, https:\/\/www.skupina75.it\/wp-content\/uploads\/2012\/05\/IMG_9885-288x288.jpg 288w, https:\/\/www.skupina75.it\/wp-content\/uploads\/2012\/05\/IMG_9885-494x494.jpg 494w, https:\/\/www.skupina75.it\/wp-content\/uploads\/2012\/05\/IMG_9885.jpg 751w\" sizes=\"auto, (max-width: 188px) 100vw, 188px\" \/><\/a>\n\t\t\t<\/dt><\/dl><dl class='gallery-item'>\n\t\t\t<dt class='gallery-icon landscape'>\n\t\t\t\t<a href='https:\/\/www.skupina75.it\/wp-content\/uploads\/2012\/05\/IMG_9892.jpg' title=\"\" data-rl_title=\"\" class=\"rl-gallery-link\" data-rl_caption=\"\" data-rel=\"lightbox-gallery-2\"><img loading=\"lazy\" decoding=\"async\" width=\"188\" height=\"188\" src=\"https:\/\/www.skupina75.it\/wp-content\/uploads\/2012\/05\/IMG_9892-188x188.jpg\" class=\"attachment-thumbnail size-thumbnail\" alt=\"\" srcset=\"https:\/\/www.skupina75.it\/wp-content\/uploads\/2012\/05\/IMG_9892-188x188.jpg 188w, https:\/\/www.skupina75.it\/wp-content\/uploads\/2012\/05\/IMG_9892-288x288.jpg 288w, https:\/\/www.skupina75.it\/wp-content\/uploads\/2012\/05\/IMG_9892-494x494.jpg 494w, https:\/\/www.skupina75.it\/wp-content\/uploads\/2012\/05\/IMG_9892.jpg 751w\" sizes=\"auto, (max-width: 188px) 100vw, 188px\" \/><\/a>\n\t\t\t<\/dt><\/dl><dl class='gallery-item'>\n\t\t\t<dt class='gallery-icon landscape'>\n\t\t\t\t<a href='https:\/\/www.skupina75.it\/wp-content\/uploads\/2012\/05\/IMG_9900.jpg' title=\"\" data-rl_title=\"\" class=\"rl-gallery-link\" data-rl_caption=\"\" data-rel=\"lightbox-gallery-2\"><img loading=\"lazy\" decoding=\"async\" width=\"188\" height=\"188\" src=\"https:\/\/www.skupina75.it\/wp-content\/uploads\/2012\/05\/IMG_9900-188x188.jpg\" class=\"attachment-thumbnail size-thumbnail\" alt=\"\" srcset=\"https:\/\/www.skupina75.it\/wp-content\/uploads\/2012\/05\/IMG_9900-188x188.jpg 188w, https:\/\/www.skupina75.it\/wp-content\/uploads\/2012\/05\/IMG_9900-288x288.jpg 288w, https:\/\/www.skupina75.it\/wp-content\/uploads\/2012\/05\/IMG_9900-494x494.jpg 494w, https:\/\/www.skupina75.it\/wp-content\/uploads\/2012\/05\/IMG_9900.jpg 751w\" sizes=\"auto, (max-width: 188px) 100vw, 188px\" \/><\/a>\n\t\t\t<\/dt><\/dl><dl class='gallery-item'>\n\t\t\t<dt class='gallery-icon landscape'>\n\t\t\t\t<a href='https:\/\/www.skupina75.it\/wp-content\/uploads\/2012\/05\/trittico.jpg' title=\"\" data-rl_title=\"\" class=\"rl-gallery-link\" data-rl_caption=\"\" data-rel=\"lightbox-gallery-2\"><img loading=\"lazy\" decoding=\"async\" width=\"188\" height=\"188\" src=\"https:\/\/www.skupina75.it\/wp-content\/uploads\/2012\/05\/trittico-188x188.jpg\" class=\"attachment-thumbnail size-thumbnail\" alt=\"\" \/><\/a>\n\t\t\t<\/dt><\/dl><dl class='gallery-item'>\n\t\t\t<dt class='gallery-icon landscape'>\n\t\t\t\t<a href='https:\/\/www.skupina75.it\/wp-content\/uploads\/2012\/05\/IMG_1357.jpg' title=\"\" data-rl_title=\"\" class=\"rl-gallery-link\" data-rl_caption=\"\" data-rel=\"lightbox-gallery-2\"><img loading=\"lazy\" decoding=\"async\" width=\"188\" height=\"188\" src=\"https:\/\/www.skupina75.it\/wp-content\/uploads\/2012\/05\/IMG_1357-188x188.jpg\" class=\"attachment-thumbnail size-thumbnail\" alt=\"\" \/><\/a>\n\t\t\t<\/dt><\/dl><br style=\"clear: both\" \/><dl class='gallery-item'>\n\t\t\t<dt class='gallery-icon landscape'>\n\t\t\t\t<a href='https:\/\/www.skupina75.it\/wp-content\/uploads\/2012\/05\/IMG_1954.jpg' title=\"\" data-rl_title=\"\" class=\"rl-gallery-link\" data-rl_caption=\"\" data-rel=\"lightbox-gallery-2\"><img loading=\"lazy\" decoding=\"async\" width=\"188\" height=\"188\" src=\"https:\/\/www.skupina75.it\/wp-content\/uploads\/2012\/05\/IMG_1954-188x188.jpg\" class=\"attachment-thumbnail size-thumbnail\" alt=\"\" \/><\/a>\n\t\t\t<\/dt><\/dl><dl class='gallery-item'>\n\t\t\t<dt class='gallery-icon landscape'>\n\t\t\t\t<a href='https:\/\/www.skupina75.it\/wp-content\/uploads\/2012\/05\/IMG_1975.jpg' title=\"\" data-rl_title=\"\" class=\"rl-gallery-link\" data-rl_caption=\"\" data-rel=\"lightbox-gallery-2\"><img loading=\"lazy\" decoding=\"async\" width=\"188\" height=\"188\" src=\"https:\/\/www.skupina75.it\/wp-content\/uploads\/2012\/05\/IMG_1975-188x188.jpg\" class=\"attachment-thumbnail size-thumbnail\" alt=\"\" \/><\/a>\n\t\t\t<\/dt><\/dl><dl class='gallery-item'>\n\t\t\t<dt class='gallery-icon landscape'>\n\t\t\t\t<a href='https:\/\/www.skupina75.it\/wp-content\/uploads\/2012\/05\/IMG_2133.jpg' title=\"\" data-rl_title=\"\" class=\"rl-gallery-link\" data-rl_caption=\"\" data-rel=\"lightbox-gallery-2\"><img loading=\"lazy\" decoding=\"async\" width=\"188\" height=\"188\" src=\"https:\/\/www.skupina75.it\/wp-content\/uploads\/2012\/05\/IMG_2133-188x188.jpg\" class=\"attachment-thumbnail size-thumbnail\" alt=\"\" \/><\/a>\n\t\t\t<\/dt><\/dl><dl class='gallery-item'>\n\t\t\t<dt class='gallery-icon landscape'>\n\t\t\t\t<a href='https:\/\/www.skupina75.it\/wp-content\/uploads\/2012\/05\/IMG_9873.jpg' title=\"\" data-rl_title=\"\" class=\"rl-gallery-link\" data-rl_caption=\"\" data-rel=\"lightbox-gallery-2\"><img loading=\"lazy\" decoding=\"async\" width=\"188\" height=\"188\" src=\"https:\/\/www.skupina75.it\/wp-content\/uploads\/2012\/05\/IMG_9873-188x188.jpg\" class=\"attachment-thumbnail size-thumbnail\" alt=\"\" srcset=\"https:\/\/www.skupina75.it\/wp-content\/uploads\/2012\/05\/IMG_9873-188x188.jpg 188w, https:\/\/www.skupina75.it\/wp-content\/uploads\/2012\/05\/IMG_9873-288x288.jpg 288w, https:\/\/www.skupina75.it\/wp-content\/uploads\/2012\/05\/IMG_9873-494x494.jpg 494w, https:\/\/www.skupina75.it\/wp-content\/uploads\/2012\/05\/IMG_9873.jpg 751w\" sizes=\"auto, (max-width: 188px) 100vw, 188px\" \/><\/a>\n\t\t\t<\/dt><\/dl><dl class='gallery-item'>\n\t\t\t<dt class='gallery-icon landscape'>\n\t\t\t\t<a href='https:\/\/www.skupina75.it\/wp-content\/uploads\/2012\/05\/IMG_9874.jpg' title=\"\" data-rl_title=\"\" class=\"rl-gallery-link\" data-rl_caption=\"\" data-rel=\"lightbox-gallery-2\"><img loading=\"lazy\" decoding=\"async\" width=\"188\" height=\"188\" src=\"https:\/\/www.skupina75.it\/wp-content\/uploads\/2012\/05\/IMG_9874-188x188.jpg\" class=\"attachment-thumbnail size-thumbnail\" alt=\"\" srcset=\"https:\/\/www.skupina75.it\/wp-content\/uploads\/2012\/05\/IMG_9874-188x188.jpg 188w, https:\/\/www.skupina75.it\/wp-content\/uploads\/2012\/05\/IMG_9874-288x288.jpg 288w, https:\/\/www.skupina75.it\/wp-content\/uploads\/2012\/05\/IMG_9874-494x494.jpg 494w, https:\/\/www.skupina75.it\/wp-content\/uploads\/2012\/05\/IMG_9874.jpg 751w\" sizes=\"auto, (max-width: 188px) 100vw, 188px\" \/><\/a>\n\t\t\t<\/dt><\/dl><dl class='gallery-item'>\n\t\t\t<dt class='gallery-icon landscape'>\n\t\t\t\t<a href='https:\/\/www.skupina75.it\/wp-content\/uploads\/2012\/05\/IMG_9881.jpg' title=\"\" data-rl_title=\"\" class=\"rl-gallery-link\" data-rl_caption=\"\" data-rel=\"lightbox-gallery-2\"><img loading=\"lazy\" decoding=\"async\" width=\"188\" height=\"188\" src=\"https:\/\/www.skupina75.it\/wp-content\/uploads\/2012\/05\/IMG_9881-188x188.jpg\" class=\"attachment-thumbnail size-thumbnail\" alt=\"\" srcset=\"https:\/\/www.skupina75.it\/wp-content\/uploads\/2012\/05\/IMG_9881-188x188.jpg 188w, https:\/\/www.skupina75.it\/wp-content\/uploads\/2012\/05\/IMG_9881-288x288.jpg 288w, https:\/\/www.skupina75.it\/wp-content\/uploads\/2012\/05\/IMG_9881-494x494.jpg 494w, https:\/\/www.skupina75.it\/wp-content\/uploads\/2012\/05\/IMG_9881.jpg 751w\" sizes=\"auto, (max-width: 188px) 100vw, 188px\" \/><\/a>\n\t\t\t<\/dt><\/dl><br style=\"clear: both\" \/><dl class='gallery-item'>\n\t\t\t<dt class='gallery-icon '>\n\t\t\t\t<a href='https:\/\/www.skupina75.it\/wp-content\/uploads\/2012\/05\/gruppo-alberi.tif' title=\"\" data-rl_title=\"\" class=\"rl-gallery-link\" data-rl_caption=\"\" data-rel=\"lightbox-gallery-2\"><img loading=\"lazy\" decoding=\"async\" width=\"1\" height=\"1\" src=\"https:\/\/www.skupina75.it\/wp-content\/uploads\/2012\/05\/gruppo-alberi.tif\" class=\"attachment-thumbnail size-thumbnail\" alt=\"\" \/><\/a>\n\t\t\t<\/dt><\/dl>\n\t\t\t<br style='clear: both' \/>\n\t\t<\/div>\n<br \/>\n<\/p>","protected":false},"excerpt":{"rendered":"<p>Goriziana fotografa dagli anni Novanta prediligendo la fotografia in bianco-nero e le installazioni fotografiche. Ama sviluppare spesso tematiche sociali che esulano per\u00f2 dall&#8217;impatto descrittivo della fotografia per inoltrarsi negli spazi pi\u00f9 intimi e riflessivi dell&#8217;animo umano. Socia attiva del fotoclub Skupina 75, Loredana si \u00e8 sempre caratterizzata per l&#8217;interesse dimostrato per la realt\u00e0 che la [&hellip;]<\/p>\n","protected":false},"author":1,"featured_media":0,"parent":30,"menu_order":7,"comment_status":"closed","ping_status":"open","template":"","meta":{"footnotes":""},"class_list":["post-176","page","type-page","status-publish","hentry"],"_links":{"self":[{"href":"https:\/\/www.skupina75.it\/it\/wp-json\/wp\/v2\/pages\/176","targetHints":{"allow":["GET"]}}],"collection":[{"href":"https:\/\/www.skupina75.it\/it\/wp-json\/wp\/v2\/pages"}],"about":[{"href":"https:\/\/www.skupina75.it\/it\/wp-json\/wp\/v2\/types\/page"}],"author":[{"embeddable":true,"href":"https:\/\/www.skupina75.it\/it\/wp-json\/wp\/v2\/users\/1"}],"replies":[{"embeddable":true,"href":"https:\/\/www.skupina75.it\/it\/wp-json\/wp\/v2\/comments?post=176"}],"version-history":[{"count":7,"href":"https:\/\/www.skupina75.it\/it\/wp-json\/wp\/v2\/pages\/176\/revisions"}],"predecessor-version":[{"id":2243,"href":"https:\/\/www.skupina75.it\/it\/wp-json\/wp\/v2\/pages\/176\/revisions\/2243"}],"up":[{"embeddable":true,"href":"https:\/\/www.skupina75.it\/it\/wp-json\/wp\/v2\/pages\/30"}],"wp:attachment":[{"href":"https:\/\/www.skupina75.it\/it\/wp-json\/wp\/v2\/media?parent=176"}],"curies":[{"name":"wp","href":"https:\/\/api.w.org\/{rel}","templated":true}]}}