{"id":149,"date":"2012-05-27T11:58:19","date_gmt":"2012-05-27T11:58:19","guid":{"rendered":"http:\/\/www.skupina75.it\/?page_id=149"},"modified":"2012-05-27T11:58:19","modified_gmt":"2012-05-27T11:58:19","slug":"zdenko-vogric","status":"publish","type":"page","link":"https:\/\/www.skupina75.it\/it\/clani-fotokluba\/zdenko-vogric\/","title":{"rendered":"Zdenko Vogri\u010d"},"content":{"rendered":"<p><\/p>\n<div>\n<p>E\u2019 nato nel 1928 a Gorizia, dove vive con la famiglia. Dal secondo dopoguerra ha insegnato nelle scuole goriziane ed \u00e8 stato membro attivo di organizzazioni culturali della minoranza slovena (Club alpino sloveno, Unione dei Circoli culturali sloveni, Unione culturale economica slovena, Biblioteca D. Feigel, dove ha diretto la sezione Storiografica ed Etnografica). In qualit\u00e0 di etnografo ha curato diverse pubblicazioni e mostre, \u00e8 tra i promotori della raccolta etnografica sulla viticoltura e la cultura del Collio, iniziata nel 1979 ed ora visitabile nel museo Brincelj a San Floriano del Collio. Appassionato cineamatore ha prodotto numerosi cortometraggi documentaristici in Super8. Con i periodici locali e la sede regionale RAI in lingua slovena ha collaborato con fotografie, articoli ed interventi su tematiche inerenti l\u2019etnografia, l\u2019alpinismo, la storia, gli usi e costumi locali. Per la sua opera in questi campi ha ottenuto svariati riconoscimenti nel Goriziano ed in Slovenia.<\/p>\n<p>Con le sue fotografie ha illustrato numerose pubblicazioni, \u00e8 autore o coautore di libri di storia del Goriziano e degli usi e dei costumi delle popolazioni slovene di queste terre:<\/p>\n<p>Gorica: po sledovih na\u0161e prisotnosti (2002); Od Timave do Idrije: slovenski sledovi po Gori\u0161ki pokrajini (2005); Drobtinice iz goriskih \u0161eg in navad (2007); Brincelj, sprehod po kulturni, zgodovinski in etnografski dedi\u0161\u010dini Gori\u0161kih brd (2007); Gorica \u2013 vodnik po mestu in po sledovih slovenske prisotnosti (2008).<\/p>\n<p>Come fotografo \u00e8 stato tra i fondatori del circolo fotografico Fotoklub Skupina 75, di cui fu presidente nel periodo 1977-1980. Ha partecipato con successo a molteplici mostre e concorsi fotografici, ricevendo premi e riconoscimenti.<\/p>\n<p align=\"justify\">Nell\u2019ambito delle organizzazioni culturali slovene della citt\u00e0 ha tenuto conferenze e diaproiezioni su temi inerenti il mondo alpino, i viaggi e la storia locale.<\/p>\n<p>Nel 1987 ha ricevuto dall\u2019Unione fotografica slovena la massima onorificenza, la Targa d\u2019Oro di Janez Puhar, iniziatore della fotografia slovena.<\/p>\n<\/div>\n<p><\/p>","protected":false},"excerpt":{"rendered":"<p>E\u2019 nato nel 1928 a Gorizia, dove vive con la famiglia. Dal secondo dopoguerra ha insegnato nelle scuole goriziane ed \u00e8 stato membro attivo di organizzazioni culturali della minoranza slovena (Club alpino sloveno, Unione dei Circoli culturali sloveni, Unione culturale economica slovena, Biblioteca D. Feigel, dove ha diretto la sezione Storiografica ed Etnografica). In qualit\u00e0 [&hellip;]<\/p>\n","protected":false},"author":1,"featured_media":0,"parent":30,"menu_order":2,"comment_status":"closed","ping_status":"open","template":"","meta":{"footnotes":""},"class_list":["post-149","page","type-page","status-publish","hentry"],"_links":{"self":[{"href":"https:\/\/www.skupina75.it\/it\/wp-json\/wp\/v2\/pages\/149","targetHints":{"allow":["GET"]}}],"collection":[{"href":"https:\/\/www.skupina75.it\/it\/wp-json\/wp\/v2\/pages"}],"about":[{"href":"https:\/\/www.skupina75.it\/it\/wp-json\/wp\/v2\/types\/page"}],"author":[{"embeddable":true,"href":"https:\/\/www.skupina75.it\/it\/wp-json\/wp\/v2\/users\/1"}],"replies":[{"embeddable":true,"href":"https:\/\/www.skupina75.it\/it\/wp-json\/wp\/v2\/comments?post=149"}],"version-history":[{"count":1,"href":"https:\/\/www.skupina75.it\/it\/wp-json\/wp\/v2\/pages\/149\/revisions"}],"predecessor-version":[{"id":150,"href":"https:\/\/www.skupina75.it\/it\/wp-json\/wp\/v2\/pages\/149\/revisions\/150"}],"up":[{"embeddable":true,"href":"https:\/\/www.skupina75.it\/it\/wp-json\/wp\/v2\/pages\/30"}],"wp:attachment":[{"href":"https:\/\/www.skupina75.it\/it\/wp-json\/wp\/v2\/media?parent=149"}],"curies":[{"name":"wp","href":"https:\/\/api.w.org\/{rel}","templated":true}]}}