{"id":147,"date":"2012-05-27T11:56:28","date_gmt":"2012-05-27T11:56:28","guid":{"rendered":"http:\/\/www.skupina75.it\/?page_id=147"},"modified":"2012-05-27T11:56:28","modified_gmt":"2012-05-27T11:56:28","slug":"flavio-mosetti","status":"publish","type":"page","link":"https:\/\/www.skupina75.it\/it\/clani-fotokluba\/flavio-mosetti\/","title":{"rendered":"Flavio Mosetti"},"content":{"rendered":"<p><\/p>\n<div>\n<p>Nato nel 1965, ha iniziato a dedicacarsi alla fotografia nel 1986. Nel 1999 \u00e8 stato insignito del titolo di maestro della fotografia slovena. Nell\u2019ultimo decennio ha ricevuto numerosi premi e riconoscimenti sia a livello nazio\u00adnale che internazionale.<\/p>\n<p><em>Mostre personali:<\/em><br \/>\n1994 Temi vari, Galleria della Libreria Cattolica, Gorizia;<br \/>\n1995 \u201cImmagini\u201d, Kulturni dom, Gorica;<br \/>\n1996 \u201cGhiaccio e fantasia\u201d, Casa Zigon, Skofja loka;<br \/>\n1996 Art in th\u00e8 city, Caff\u00e8 Galleria, Kulturni dom Nova Gorica;<br \/>\n1997 \u201cLa pietra in tutte le sue forme\u201d, Stazione ferroviaria, Gorizia;<br \/>\n1998 \u201cLa pietra\u201d, Municipio di Nova Gorica;<br \/>\n2000 \u201cCicli fotografici di maestri\u201d, Museo Civico di Jesenice.<\/p>\n<p><em>Premi:<\/em><br \/>\n1\u00b0 premio alla X mostra \u201cPokrajina 93\u2033 di Kranj;<br \/>\n2\u00b0 premio alla XX mostra slovena di dia\u00adpositive;<br \/>\n1\u00b0 premio alla XXXIII mostra slovena di fotografia del 1995;<br \/>\n1\u00b0 premio alla \u201cDia Primorska 95\u2033;<br \/>\n3\u00b0 premio al foto festival di Rovigno;<br \/>\n2\u00b0 premio all\u2019ex tempore internazionale di Idria nel 1997;<br \/>\npremio speciale per la collezione alla ex tempore internazionale di Idria;<br \/>\n1\u00b0 premio all\u2019incontro fotografico delle tre nazioni nel 1998;<br \/>\n1\u00b0 premio al \u201cPustna maska\u201d di Cerkno;<br \/>\n1\u00b0 premio al concorso \u201cTour del \u2018Etna\u201d in Sicilia.<\/p>\n<p>Con le sue fotografie a colori, Mesetti compone dei cicli tematici perfetta\u00admente compiuti. La sua vitalit\u00e0 creativa e la sua curiosit\u00e0 gli consentono escursioni in vari campi della fotografia, e l\u2019ampiezza dei singoli cicli appare condizionata soltanto dalla severit\u00e0 dei parametri adottati.<br \/>\nLa caratteristica fondamentale dei pae\u00adsaggi ad esempio consiste soprattutto in un\u2019ingegnosa disposizione dei piani. Per lui conta molto l\u2019ordine compositivo, e ci sor\u00adprende l\u2019uso piuttosto parco che egli fa di contrasti cromatici e di forme cariche di ten\u00adsione. I suoi piani compositivi sono spesso accordati su una stessa tonalit\u00e0 di colore.<br \/>\nIn modo completamente diverso si esprime in immagini cittadine, dove si distingue per un uso coraggioso dei con\u00adtrasti tonali. I vari piani, fusi in un unico campo figurativo gli consentono di ottene\u00adre delle composizioni magistrali, nelle quali gli aspetti disumanizzanti delle citt\u00e0 moderne convivono con elementi che ne costituiscono una specie di nuova realt\u00e0 poetica. Egli raggiunge il punto pi\u00f9 alto quando accosta una finestra dipinta ad alcuni barili metallici chiusi con tappi di plastica.<\/p>\n<\/div>\n<p><\/p>","protected":false},"excerpt":{"rendered":"<p>Nato nel 1965, ha iniziato a dedicacarsi alla fotografia nel 1986. Nel 1999 \u00e8 stato insignito del titolo di maestro della fotografia slovena. Nell\u2019ultimo decennio ha ricevuto numerosi premi e riconoscimenti sia a livello nazio\u00adnale che internazionale. Mostre personali: 1994 Temi vari, Galleria della Libreria Cattolica, Gorizia; 1995 \u201cImmagini\u201d, Kulturni dom, Gorica; 1996 \u201cGhiaccio e [&hellip;]<\/p>\n","protected":false},"author":1,"featured_media":0,"parent":30,"menu_order":1,"comment_status":"closed","ping_status":"open","template":"","meta":{"footnotes":""},"class_list":["post-147","page","type-page","status-publish","hentry"],"_links":{"self":[{"href":"https:\/\/www.skupina75.it\/it\/wp-json\/wp\/v2\/pages\/147","targetHints":{"allow":["GET"]}}],"collection":[{"href":"https:\/\/www.skupina75.it\/it\/wp-json\/wp\/v2\/pages"}],"about":[{"href":"https:\/\/www.skupina75.it\/it\/wp-json\/wp\/v2\/types\/page"}],"author":[{"embeddable":true,"href":"https:\/\/www.skupina75.it\/it\/wp-json\/wp\/v2\/users\/1"}],"replies":[{"embeddable":true,"href":"https:\/\/www.skupina75.it\/it\/wp-json\/wp\/v2\/comments?post=147"}],"version-history":[{"count":1,"href":"https:\/\/www.skupina75.it\/it\/wp-json\/wp\/v2\/pages\/147\/revisions"}],"predecessor-version":[{"id":148,"href":"https:\/\/www.skupina75.it\/it\/wp-json\/wp\/v2\/pages\/147\/revisions\/148"}],"up":[{"embeddable":true,"href":"https:\/\/www.skupina75.it\/it\/wp-json\/wp\/v2\/pages\/30"}],"wp:attachment":[{"href":"https:\/\/www.skupina75.it\/it\/wp-json\/wp\/v2\/media?parent=147"}],"curies":[{"name":"wp","href":"https:\/\/api.w.org\/{rel}","templated":true}]}}