{"id":99,"date":"2012-05-13T09:13:53","date_gmt":"2012-05-13T09:13:53","guid":{"rendered":"http:\/\/localhost\/skupina75\/?page_id=99"},"modified":"2012-10-29T19:33:47","modified_gmt":"2012-10-29T19:33:47","slug":"marko-vogric","status":"publish","type":"page","link":"http:\/\/www.skupina75.it\/it\/clani-fotokluba\/marko-vogric\/","title":{"rendered":"Marko Vogri\u010d"},"content":{"rendered":"<p>se je rodil leta 1961 v Gorici (Italija), kjer \u017eivi z dru\u017eino. Elektronski in\u017eenir, projektant v jeklarski industriji na podro\u010dju mo\u010dnostnih elektri\u010dnih tokov.<\/p>\n<p>S fotografijo se ukvarja od mladih let v klasi\u010dni in sedaj tudi digitalni tehniki; \u010dlan fotokluba Skupina 75, je uspe\u0161no sodeloval na \u0161tevilnih razstavah in nate\u010dajih na Primorskem. Bavi se tudi s tehni\u010dno in industrijsko fotografijo. Kot fotograf je sooblikoval razne publikacije, med katerimi vodnik Od Timave do Idrije. Slovenski sledovi po gori\u0161ki pokrajini (2005), prilo\u017enostno publikacijo z razglednicami ob 70. obletnici Kraljevih fresk v pevmski cerkvi (2004) in knjigo Drobtinice iz gori\u0161kih \u0161eg in navad (2007). Fotografsko je opremil pesni\u0161ko zbirko MOSAICO-MOZAIK (2006) gori\u0161ke besedne ustvarjalke Claudie Von\u010dina.<\/p>\n<h2>Gallery<\/h2>\n<div id='gallery-3' class='gallery galleryid-99 gallery-columns-7 gallery-size-thumbnail'><dl class='gallery-item'>\n\t\t\t<dt class='gallery-icon landscape'>\n\t\t\t\t<a href='http:\/\/www.skupina75.it\/wp-content\/uploads\/2012\/05\/strazar_mv.jpg' title=\"\" data-rl_title=\"\" class=\"rl-gallery-link\" data-rl_caption=\"\" data-rel=\"lightbox-gallery-3\"><img loading=\"lazy\" decoding=\"async\" width=\"188\" height=\"188\" src=\"http:\/\/www.skupina75.it\/wp-content\/uploads\/2012\/05\/strazar_mv-188x188.jpg\" class=\"attachment-thumbnail size-thumbnail\" alt=\"\" srcset=\"http:\/\/www.skupina75.it\/wp-content\/uploads\/2012\/05\/strazar_mv-188x188.jpg 188w, http:\/\/www.skupina75.it\/wp-content\/uploads\/2012\/05\/strazar_mv-88x88.jpg 88w\" sizes=\"auto, (max-width: 188px) 100vw, 188px\" \/><\/a>\n\t\t\t<\/dt><\/dl><dl class='gallery-item'>\n\t\t\t<dt class='gallery-icon portrait'>\n\t\t\t\t<a href='http:\/\/www.skupina75.it\/wp-content\/uploads\/2012\/05\/te_mv.jpg' title=\"\" data-rl_title=\"\" class=\"rl-gallery-link\" data-rl_caption=\"\" data-rel=\"lightbox-gallery-3\"><img loading=\"lazy\" decoding=\"async\" width=\"188\" height=\"188\" src=\"http:\/\/www.skupina75.it\/wp-content\/uploads\/2012\/05\/te_mv-188x188.jpg\" class=\"attachment-thumbnail size-thumbnail\" alt=\"\" srcset=\"http:\/\/www.skupina75.it\/wp-content\/uploads\/2012\/05\/te_mv-188x188.jpg 188w, http:\/\/www.skupina75.it\/wp-content\/uploads\/2012\/05\/te_mv-88x88.jpg 88w\" sizes=\"auto, (max-width: 188px) 100vw, 188px\" \/><\/a>\n\t\t\t<\/dt><\/dl><dl class='gallery-item'>\n\t\t\t<dt class='gallery-icon landscape'>\n\t\t\t\t<a href='http:\/\/www.skupina75.it\/wp-content\/uploads\/2012\/05\/eljadida_mv.jpg' title=\"\" data-rl_title=\"\" class=\"rl-gallery-link\" data-rl_caption=\"\" data-rel=\"lightbox-gallery-3\"><img loading=\"lazy\" decoding=\"async\" width=\"188\" height=\"188\" src=\"http:\/\/www.skupina75.it\/wp-content\/uploads\/2012\/05\/eljadida_mv-188x188.jpg\" class=\"attachment-thumbnail size-thumbnail\" alt=\"\" srcset=\"http:\/\/www.skupina75.it\/wp-content\/uploads\/2012\/05\/eljadida_mv-188x188.jpg 188w, http:\/\/www.skupina75.it\/wp-content\/uploads\/2012\/05\/eljadida_mv-88x88.jpg 88w\" sizes=\"auto, (max-width: 188px) 100vw, 188px\" \/><\/a>\n\t\t\t<\/dt><\/dl><dl class='gallery-item'>\n\t\t\t<dt class='gallery-icon portrait'>\n\t\t\t\t<a href='http:\/\/www.skupina75.it\/wp-content\/uploads\/2012\/05\/guggenheimny_mv.jpg' title=\"\" data-rl_title=\"\" class=\"rl-gallery-link\" data-rl_caption=\"\" data-rel=\"lightbox-gallery-3\"><img loading=\"lazy\" decoding=\"async\" width=\"188\" height=\"188\" src=\"http:\/\/www.skupina75.it\/wp-content\/uploads\/2012\/05\/guggenheimny_mv-188x188.jpg\" class=\"attachment-thumbnail size-thumbnail\" alt=\"\" srcset=\"http:\/\/www.skupina75.it\/wp-content\/uploads\/2012\/05\/guggenheimny_mv-188x188.jpg 188w, http:\/\/www.skupina75.it\/wp-content\/uploads\/2012\/05\/guggenheimny_mv-88x88.jpg 88w\" sizes=\"auto, (max-width: 188px) 100vw, 188px\" \/><\/a>\n\t\t\t<\/dt><\/dl><dl class='gallery-item'>\n\t\t\t<dt class='gallery-icon portrait'>\n\t\t\t\t<a href='http:\/\/www.skupina75.it\/wp-content\/uploads\/2012\/05\/kiste_mv.jpg' title=\"\" data-rl_title=\"\" class=\"rl-gallery-link\" data-rl_caption=\"\" data-rel=\"lightbox-gallery-3\"><img loading=\"lazy\" decoding=\"async\" width=\"188\" height=\"188\" src=\"http:\/\/www.skupina75.it\/wp-content\/uploads\/2012\/05\/kiste_mv-188x188.jpg\" class=\"attachment-thumbnail size-thumbnail\" alt=\"\" srcset=\"http:\/\/www.skupina75.it\/wp-content\/uploads\/2012\/05\/kiste_mv-188x188.jpg 188w, http:\/\/www.skupina75.it\/wp-content\/uploads\/2012\/05\/kiste_mv-88x88.jpg 88w\" sizes=\"auto, (max-width: 188px) 100vw, 188px\" \/><\/a>\n\t\t\t<\/dt><\/dl><dl class='gallery-item'>\n\t\t\t<dt class='gallery-icon landscape'>\n\t\t\t\t<a href='http:\/\/www.skupina75.it\/wp-content\/uploads\/2012\/05\/mit_mv.jpg' title=\"\" data-rl_title=\"\" class=\"rl-gallery-link\" data-rl_caption=\"\" data-rel=\"lightbox-gallery-3\"><img loading=\"lazy\" decoding=\"async\" width=\"188\" height=\"188\" src=\"http:\/\/www.skupina75.it\/wp-content\/uploads\/2012\/05\/mit_mv-188x188.jpg\" class=\"attachment-thumbnail size-thumbnail\" alt=\"\" srcset=\"http:\/\/www.skupina75.it\/wp-content\/uploads\/2012\/05\/mit_mv-188x188.jpg 188w, http:\/\/www.skupina75.it\/wp-content\/uploads\/2012\/05\/mit_mv-88x88.jpg 88w\" sizes=\"auto, (max-width: 188px) 100vw, 188px\" \/><\/a>\n\t\t\t<\/dt><\/dl><dl class='gallery-item'>\n\t\t\t<dt class='gallery-icon landscape'>\n\t\t\t\t<a href='http:\/\/www.skupina75.it\/wp-content\/uploads\/2012\/05\/murvi_mv.jpg' title=\"\" data-rl_title=\"\" class=\"rl-gallery-link\" data-rl_caption=\"\" data-rel=\"lightbox-gallery-3\"><img loading=\"lazy\" decoding=\"async\" width=\"188\" height=\"188\" src=\"http:\/\/www.skupina75.it\/wp-content\/uploads\/2012\/05\/murvi_mv-188x188.jpg\" class=\"attachment-thumbnail size-thumbnail\" alt=\"\" srcset=\"http:\/\/www.skupina75.it\/wp-content\/uploads\/2012\/05\/murvi_mv-188x188.jpg 188w, http:\/\/www.skupina75.it\/wp-content\/uploads\/2012\/05\/murvi_mv-288x288.jpg 288w, http:\/\/www.skupina75.it\/wp-content\/uploads\/2012\/05\/murvi_mv-494x494.jpg 494w, http:\/\/www.skupina75.it\/wp-content\/uploads\/2012\/05\/murvi_mv-88x88.jpg 88w, http:\/\/www.skupina75.it\/wp-content\/uploads\/2012\/05\/murvi_mv-600x600.jpg 600w, http:\/\/www.skupina75.it\/wp-content\/uploads\/2012\/05\/murvi_mv-800x800.jpg 800w, http:\/\/www.skupina75.it\/wp-content\/uploads\/2012\/05\/murvi_mv.jpg 1000w\" sizes=\"auto, (max-width: 188px) 100vw, 188px\" \/><\/a>\n\t\t\t<\/dt><\/dl><br style=\"clear: both\" \/><dl class='gallery-item'>\n\t\t\t<dt class='gallery-icon landscape'>\n\t\t\t\t<a href='http:\/\/www.skupina75.it\/wp-content\/uploads\/2012\/05\/sipek_mv.jpg' title=\"\" data-rl_title=\"\" class=\"rl-gallery-link\" data-rl_caption=\"\" data-rel=\"lightbox-gallery-3\"><img loading=\"lazy\" decoding=\"async\" width=\"188\" height=\"188\" src=\"http:\/\/www.skupina75.it\/wp-content\/uploads\/2012\/05\/sipek_mv-188x188.jpg\" class=\"attachment-thumbnail size-thumbnail\" alt=\"\" srcset=\"http:\/\/www.skupina75.it\/wp-content\/uploads\/2012\/05\/sipek_mv-188x188.jpg 188w, http:\/\/www.skupina75.it\/wp-content\/uploads\/2012\/05\/sipek_mv-288x288.jpg 288w, http:\/\/www.skupina75.it\/wp-content\/uploads\/2012\/05\/sipek_mv-494x494.jpg 494w, http:\/\/www.skupina75.it\/wp-content\/uploads\/2012\/05\/sipek_mv-88x88.jpg 88w, http:\/\/www.skupina75.it\/wp-content\/uploads\/2012\/05\/sipek_mv-600x600.jpg 600w, http:\/\/www.skupina75.it\/wp-content\/uploads\/2012\/05\/sipek_mv-800x800.jpg 800w, http:\/\/www.skupina75.it\/wp-content\/uploads\/2012\/05\/sipek_mv.jpg 1000w\" sizes=\"auto, (max-width: 188px) 100vw, 188px\" \/><\/a>\n\t\t\t<\/dt><\/dl>\n\t\t\t<br style='clear: both' \/>\n\t\t<\/div>\n\n<h2>Mi\u0161ka po Gorici<\/h2>\n<p><div id='gallery-4' class='gallery galleryid-99 gallery-columns-7 gallery-size-thumbnail'><dl class='gallery-item'>\n\t\t\t<dt class='gallery-icon landscape'>\n\t\t\t\t<a href='http:\/\/www.skupina75.it\/wp-content\/uploads\/2012\/05\/trvnov.jpg' title=\"\" data-rl_title=\"\" class=\"rl-gallery-link\" data-rl_caption=\"\" data-rel=\"lightbox-gallery-4\"><img loading=\"lazy\" decoding=\"async\" width=\"188\" height=\"188\" src=\"http:\/\/www.skupina75.it\/wp-content\/uploads\/2012\/05\/trvnov-188x188.jpg\" class=\"attachment-thumbnail size-thumbnail\" alt=\"\" srcset=\"http:\/\/www.skupina75.it\/wp-content\/uploads\/2012\/05\/trvnov-188x188.jpg 188w, http:\/\/www.skupina75.it\/wp-content\/uploads\/2012\/05\/trvnov-288x288.jpg 288w, http:\/\/www.skupina75.it\/wp-content\/uploads\/2012\/05\/trvnov-494x494.jpg 494w, http:\/\/www.skupina75.it\/wp-content\/uploads\/2012\/05\/trvnov-88x88.jpg 88w, http:\/\/www.skupina75.it\/wp-content\/uploads\/2012\/05\/trvnov-600x600.jpg 600w, http:\/\/www.skupina75.it\/wp-content\/uploads\/2012\/05\/trvnov.jpg 800w\" sizes=\"auto, (max-width: 188px) 100vw, 188px\" \/><\/a>\n\t\t\t<\/dt><\/dl><dl class='gallery-item'>\n\t\t\t<dt class='gallery-icon landscape'>\n\t\t\t\t<a href='http:\/\/www.skupina75.it\/wp-content\/uploads\/2012\/05\/esportazion.jpg' title=\"\" data-rl_title=\"\" class=\"rl-gallery-link\" data-rl_caption=\"\" data-rel=\"lightbox-gallery-4\"><img loading=\"lazy\" decoding=\"async\" width=\"188\" height=\"188\" src=\"http:\/\/www.skupina75.it\/wp-content\/uploads\/2012\/05\/esportazion-188x188.jpg\" class=\"attachment-thumbnail size-thumbnail\" alt=\"\" srcset=\"http:\/\/www.skupina75.it\/wp-content\/uploads\/2012\/05\/esportazion-188x188.jpg 188w, http:\/\/www.skupina75.it\/wp-content\/uploads\/2012\/05\/esportazion-88x88.jpg 88w\" sizes=\"auto, (max-width: 188px) 100vw, 188px\" \/><\/a>\n\t\t\t<\/dt><\/dl><dl class='gallery-item'>\n\t\t\t<dt class='gallery-icon landscape'>\n\t\t\t\t<a href='http:\/\/www.skupina75.it\/wp-content\/uploads\/2012\/05\/kocevjuta.jpg' title=\"\" data-rl_title=\"\" class=\"rl-gallery-link\" data-rl_caption=\"\" data-rel=\"lightbox-gallery-4\"><img loading=\"lazy\" decoding=\"async\" width=\"188\" height=\"188\" src=\"http:\/\/www.skupina75.it\/wp-content\/uploads\/2012\/05\/kocevjuta-188x188.jpg\" class=\"attachment-thumbnail size-thumbnail\" alt=\"\" srcset=\"http:\/\/www.skupina75.it\/wp-content\/uploads\/2012\/05\/kocevjuta-188x188.jpg 188w, http:\/\/www.skupina75.it\/wp-content\/uploads\/2012\/05\/kocevjuta-288x288.jpg 288w, http:\/\/www.skupina75.it\/wp-content\/uploads\/2012\/05\/kocevjuta-494x494.jpg 494w, http:\/\/www.skupina75.it\/wp-content\/uploads\/2012\/05\/kocevjuta-88x88.jpg 88w, http:\/\/www.skupina75.it\/wp-content\/uploads\/2012\/05\/kocevjuta-600x600.jpg 600w, http:\/\/www.skupina75.it\/wp-content\/uploads\/2012\/05\/kocevjuta.jpg 800w\" sizes=\"auto, (max-width: 188px) 100vw, 188px\" \/><\/a>\n\t\t\t<\/dt><\/dl><dl class='gallery-item'>\n\t\t\t<dt class='gallery-icon landscape'>\n\t\t\t\t<a href='http:\/\/www.skupina75.it\/wp-content\/uploads\/2012\/05\/monache1.jpg' title=\"\" data-rl_title=\"\" class=\"rl-gallery-link\" data-rl_caption=\"\" data-rel=\"lightbox-gallery-4\"><img loading=\"lazy\" decoding=\"async\" width=\"188\" height=\"188\" src=\"http:\/\/www.skupina75.it\/wp-content\/uploads\/2012\/05\/monache1-188x188.jpg\" class=\"attachment-thumbnail size-thumbnail\" alt=\"\" srcset=\"http:\/\/www.skupina75.it\/wp-content\/uploads\/2012\/05\/monache1-188x188.jpg 188w, http:\/\/www.skupina75.it\/wp-content\/uploads\/2012\/05\/monache1-288x288.jpg 288w, http:\/\/www.skupina75.it\/wp-content\/uploads\/2012\/05\/monache1-494x494.jpg 494w, http:\/\/www.skupina75.it\/wp-content\/uploads\/2012\/05\/monache1-88x88.jpg 88w, http:\/\/www.skupina75.it\/wp-content\/uploads\/2012\/05\/monache1-600x600.jpg 600w, http:\/\/www.skupina75.it\/wp-content\/uploads\/2012\/05\/monache1.jpg 800w\" sizes=\"auto, (max-width: 188px) 100vw, 188px\" \/><\/a>\n\t\t\t<\/dt><\/dl><dl class='gallery-item'>\n\t\t\t<dt class='gallery-icon landscape'>\n\t\t\t\t<a href='http:\/\/www.skupina75.it\/wp-content\/uploads\/2012\/05\/monache2.jpg' title=\"\" data-rl_title=\"\" class=\"rl-gallery-link\" data-rl_caption=\"\" data-rel=\"lightbox-gallery-4\"><img loading=\"lazy\" decoding=\"async\" width=\"188\" height=\"188\" src=\"http:\/\/www.skupina75.it\/wp-content\/uploads\/2012\/05\/monache2-188x188.jpg\" class=\"attachment-thumbnail size-thumbnail\" alt=\"\" srcset=\"http:\/\/www.skupina75.it\/wp-content\/uploads\/2012\/05\/monache2-188x188.jpg 188w, http:\/\/www.skupina75.it\/wp-content\/uploads\/2012\/05\/monache2-288x288.jpg 288w, http:\/\/www.skupina75.it\/wp-content\/uploads\/2012\/05\/monache2-494x494.jpg 494w, http:\/\/www.skupina75.it\/wp-content\/uploads\/2012\/05\/monache2-88x88.jpg 88w, http:\/\/www.skupina75.it\/wp-content\/uploads\/2012\/05\/monache2-600x600.jpg 600w, http:\/\/www.skupina75.it\/wp-content\/uploads\/2012\/05\/monache2.jpg 800w\" sizes=\"auto, (max-width: 188px) 100vw, 188px\" \/><\/a>\n\t\t\t<\/dt><\/dl><dl class='gallery-item'>\n\t\t\t<dt class='gallery-icon landscape'>\n\t\t\t\t<a href='http:\/\/www.skupina75.it\/wp-content\/uploads\/2012\/05\/palesso.jpg' title=\"\" data-rl_title=\"\" class=\"rl-gallery-link\" data-rl_caption=\"\" data-rel=\"lightbox-gallery-4\"><img loading=\"lazy\" decoding=\"async\" width=\"188\" height=\"188\" src=\"http:\/\/www.skupina75.it\/wp-content\/uploads\/2012\/05\/palesso-188x188.jpg\" class=\"attachment-thumbnail size-thumbnail\" alt=\"\" srcset=\"http:\/\/www.skupina75.it\/wp-content\/uploads\/2012\/05\/palesso-188x188.jpg 188w, http:\/\/www.skupina75.it\/wp-content\/uploads\/2012\/05\/palesso-288x288.jpg 288w, http:\/\/www.skupina75.it\/wp-content\/uploads\/2012\/05\/palesso-494x494.jpg 494w, http:\/\/www.skupina75.it\/wp-content\/uploads\/2012\/05\/palesso-88x88.jpg 88w, http:\/\/www.skupina75.it\/wp-content\/uploads\/2012\/05\/palesso-600x600.jpg 600w, http:\/\/www.skupina75.it\/wp-content\/uploads\/2012\/05\/palesso.jpg 800w\" sizes=\"auto, (max-width: 188px) 100vw, 188px\" \/><\/a>\n\t\t\t<\/dt><\/dl><dl class='gallery-item'>\n\t\t\t<dt class='gallery-icon landscape'>\n\t\t\t\t<a href='http:\/\/www.skupina75.it\/wp-content\/uploads\/2012\/05\/rastel.jpg' title=\"\" data-rl_title=\"\" class=\"rl-gallery-link\" data-rl_caption=\"\" data-rel=\"lightbox-gallery-4\"><img loading=\"lazy\" decoding=\"async\" width=\"188\" height=\"188\" src=\"http:\/\/www.skupina75.it\/wp-content\/uploads\/2012\/05\/rastel-188x188.jpg\" class=\"attachment-thumbnail size-thumbnail\" alt=\"\" srcset=\"http:\/\/www.skupina75.it\/wp-content\/uploads\/2012\/05\/rastel-188x188.jpg 188w, http:\/\/www.skupina75.it\/wp-content\/uploads\/2012\/05\/rastel-88x88.jpg 88w\" sizes=\"auto, (max-width: 188px) 100vw, 188px\" \/><\/a>\n\t\t\t<\/dt><\/dl><br style=\"clear: both\" \/><dl class='gallery-item'>\n\t\t\t<dt class='gallery-icon portrait'>\n\t\t\t\t<a href='http:\/\/www.skupina75.it\/wp-content\/uploads\/2012\/05\/svanton.jpg' title=\"\" data-rl_title=\"\" class=\"rl-gallery-link\" data-rl_caption=\"\" data-rel=\"lightbox-gallery-4\"><img loading=\"lazy\" decoding=\"async\" width=\"188\" height=\"188\" src=\"http:\/\/www.skupina75.it\/wp-content\/uploads\/2012\/05\/svanton-188x188.jpg\" class=\"attachment-thumbnail size-thumbnail\" alt=\"\" srcset=\"http:\/\/www.skupina75.it\/wp-content\/uploads\/2012\/05\/svanton-188x188.jpg 188w, http:\/\/www.skupina75.it\/wp-content\/uploads\/2012\/05\/svanton-88x88.jpg 88w\" sizes=\"auto, (max-width: 188px) 100vw, 188px\" \/><\/a>\n\t\t\t<\/dt><\/dl><dl class='gallery-item'>\n\t\t\t<dt class='gallery-icon landscape'>\n\t\t\t\t<a href='http:\/\/www.skupina75.it\/wp-content\/uploads\/2012\/05\/trgdom.jpg' title=\"\" data-rl_title=\"\" class=\"rl-gallery-link\" data-rl_caption=\"\" data-rel=\"lightbox-gallery-4\"><img loading=\"lazy\" decoding=\"async\" width=\"188\" height=\"188\" src=\"http:\/\/www.skupina75.it\/wp-content\/uploads\/2012\/05\/trgdom-188x188.jpg\" class=\"attachment-thumbnail size-thumbnail\" alt=\"\" srcset=\"http:\/\/www.skupina75.it\/wp-content\/uploads\/2012\/05\/trgdom-188x188.jpg 188w, http:\/\/www.skupina75.it\/wp-content\/uploads\/2012\/05\/trgdom-88x88.jpg 88w\" sizes=\"auto, (max-width: 188px) 100vw, 188px\" \/><\/a>\n\t\t\t<\/dt><\/dl>\n\t\t\t<br style='clear: both' \/>\n\t\t<\/div>\n<\/p>","protected":false},"excerpt":{"rendered":"<p>se je rodil leta 1961 v Gorici (Italija), kjer \u017eivi z dru\u017eino. Elektronski in\u017eenir, projektant v jeklarski industriji na podro\u010dju mo\u010dnostnih elektri\u010dnih tokov. S fotografijo se ukvarja od mladih let v klasi\u010dni in sedaj tudi digitalni tehniki; \u010dlan fotokluba Skupina 75, je uspe\u0161no sodeloval na \u0161tevilnih razstavah in nate\u010dajih na Primorskem. Bavi se tudi s [&hellip;]<\/p>\n","protected":false},"author":1,"featured_media":172,"parent":30,"menu_order":6,"comment_status":"closed","ping_status":"open","template":"","meta":{"footnotes":""},"class_list":["post-99","page","type-page","status-publish","has-post-thumbnail","hentry"],"_links":{"self":[{"href":"http:\/\/www.skupina75.it\/it\/wp-json\/wp\/v2\/pages\/99","targetHints":{"allow":["GET"]}}],"collection":[{"href":"http:\/\/www.skupina75.it\/it\/wp-json\/wp\/v2\/pages"}],"about":[{"href":"http:\/\/www.skupina75.it\/it\/wp-json\/wp\/v2\/types\/page"}],"author":[{"embeddable":true,"href":"http:\/\/www.skupina75.it\/it\/wp-json\/wp\/v2\/users\/1"}],"replies":[{"embeddable":true,"href":"http:\/\/www.skupina75.it\/it\/wp-json\/wp\/v2\/comments?post=99"}],"version-history":[{"count":4,"href":"http:\/\/www.skupina75.it\/it\/wp-json\/wp\/v2\/pages\/99\/revisions"}],"predecessor-version":[{"id":101,"href":"http:\/\/www.skupina75.it\/it\/wp-json\/wp\/v2\/pages\/99\/revisions\/101"}],"up":[{"embeddable":true,"href":"http:\/\/www.skupina75.it\/it\/wp-json\/wp\/v2\/pages\/30"}],"wp:featuredmedia":[{"embeddable":true,"href":"http:\/\/www.skupina75.it\/it\/wp-json\/wp\/v2\/media\/172"}],"wp:attachment":[{"href":"http:\/\/www.skupina75.it\/it\/wp-json\/wp\/v2\/media?parent=99"}],"curies":[{"name":"wp","href":"https:\/\/api.w.org\/{rel}","templated":true}]}}