{"id":97,"date":"2012-05-13T09:12:54","date_gmt":"2012-05-13T09:12:54","guid":{"rendered":"http:\/\/localhost\/skupina75\/?page_id=97"},"modified":"2012-05-27T11:32:44","modified_gmt":"2012-05-27T11:32:44","slug":"silvan-pittoli","status":"publish","type":"page","link":"http:\/\/www.skupina75.it\/it\/clani-fotokluba\/silvan-pittoli\/","title":{"rendered":"Silvan Pittoli"},"content":{"rendered":"<p>Letnik1949. Sodeluje pri fotoklubu vse od njegovega nastanka. Veliko zaslugo ima, da je v 90. letih po\u017eivil delovanje kluba in mu tudi vseh deset let predseduje. Poleg organizacijske dejavnosti je uspe\u0161en tudi kot fotograf. Leta 1987 je prejel priznanje \u201cJanez Puhar\u201d za aktivno delo za razvoj umetni\u0161ke fotografije. <em>Pomembnej\u0161a priznanja:<\/em> Nagrajen na razstavah Dia Primorska s 3. nagrado leta 1988 ter s 1. nagrado leta 1990. Priznanja je prejel na republi\u0161ki dia razstavi 1990. <em>Samostojne razstave:<\/em> 1998 \u2013 <em>Barvne oaze, <\/em>Kulturni dom Corica; 1999. \u2013 <em>Barvne oaze <\/em>\u0160teverjan. <em>Dia projekcije:<\/em> 1997 \u2013 Kulturni dom Gorica, Trst, Vrh in Jamlje: <em>\u201cGore v sliki in besedi<\/em><em>\u00ab<\/em> 1999 \u2013 Steverjan: <em>\u201cBrda, i\u0161\u010dem tvoje lepote in razkrivam tvoje skrivnosti\u201d.<\/em> Njegova dejavnost na podro\u010dju fotografskega izra\u017eanja izvira iz sedemdesetih let. Pittoli je s svojimi posnetki uspel povezati z nedvomno fotografsko spretnostjo vizualno \u201csporo\u010danje\u201d z namenom, da opazovalca popelje do \u010dustvenega do\u017eivljanja in do trenutnega stika ter razmi\u0161ljanja. To je dosegel s stapljanjern skozi fotografski objek\u00eciv s samim predmetom svojega opazovanja med iskanjem \u017eivljenjske energije, ki ga premika, ali pomenljivih znakov \u017eivljenjskost\u00ec, ki se obnavlja in umira. Podobe, ki jih je ujel med prostim ogledovanjem naravnega okolja, tiksira na film s tehni\u010dno neopore\u010dnostjo in dobrirn kompozicijskim ravnovesjem, le ko so v sozvo\u010dju z avtorjevo notranjostjo, ki z barvo, vsebino, fotografsko usklajenostjo in s pazljivini izkori\u0161\u010danjem prostorske globine poskusa posredovati napetost tistega svojega trenutka, ki ga do\u017eivlja za fotografsko le\u010do.<\/p>\n<h3>Pust<\/h3>\n<p><div id='gallery-2' class='gallery galleryid-97 gallery-columns-5 gallery-size-thumbnail'><dl class='gallery-item'>\n\t\t\t<dt class='gallery-icon portrait'>\n\t\t\t\t<a href='http:\/\/www.skupina75.it\/wp-content\/uploads\/2012\/05\/2_img_0286.jpg' title=\"\" data-rl_title=\"\" class=\"rl-gallery-link\" data-rl_caption=\"\" data-rel=\"lightbox-gallery-2\"><img loading=\"lazy\" decoding=\"async\" width=\"188\" height=\"188\" src=\"http:\/\/www.skupina75.it\/wp-content\/uploads\/2012\/05\/2_img_0286-188x188.jpg\" class=\"attachment-thumbnail size-thumbnail\" alt=\"\" srcset=\"http:\/\/www.skupina75.it\/wp-content\/uploads\/2012\/05\/2_img_0286-188x188.jpg 188w, http:\/\/www.skupina75.it\/wp-content\/uploads\/2012\/05\/2_img_0286-88x88.jpg 88w\" sizes=\"auto, (max-width: 188px) 100vw, 188px\" \/><\/a>\n\t\t\t<\/dt><\/dl><dl class='gallery-item'>\n\t\t\t<dt class='gallery-icon portrait'>\n\t\t\t\t<a href='http:\/\/www.skupina75.it\/wp-content\/uploads\/2012\/05\/2_img_0291.jpg' title=\"\" data-rl_title=\"\" class=\"rl-gallery-link\" data-rl_caption=\"\" data-rel=\"lightbox-gallery-2\"><img loading=\"lazy\" decoding=\"async\" width=\"188\" height=\"188\" src=\"http:\/\/www.skupina75.it\/wp-content\/uploads\/2012\/05\/2_img_0291-188x188.jpg\" class=\"attachment-thumbnail size-thumbnail\" alt=\"\" srcset=\"http:\/\/www.skupina75.it\/wp-content\/uploads\/2012\/05\/2_img_0291-188x188.jpg 188w, http:\/\/www.skupina75.it\/wp-content\/uploads\/2012\/05\/2_img_0291-88x88.jpg 88w\" sizes=\"auto, (max-width: 188px) 100vw, 188px\" \/><\/a>\n\t\t\t<\/dt><\/dl><dl class='gallery-item'>\n\t\t\t<dt class='gallery-icon landscape'>\n\t\t\t\t<a href='http:\/\/www.skupina75.it\/wp-content\/uploads\/2012\/05\/2_img_0274.jpg' title=\"\" data-rl_title=\"\" class=\"rl-gallery-link\" data-rl_caption=\"\" data-rel=\"lightbox-gallery-2\"><img loading=\"lazy\" decoding=\"async\" width=\"188\" height=\"188\" src=\"http:\/\/www.skupina75.it\/wp-content\/uploads\/2012\/05\/2_img_0274-188x188.jpg\" class=\"attachment-thumbnail size-thumbnail\" alt=\"\" srcset=\"http:\/\/www.skupina75.it\/wp-content\/uploads\/2012\/05\/2_img_0274-188x188.jpg 188w, http:\/\/www.skupina75.it\/wp-content\/uploads\/2012\/05\/2_img_0274-88x88.jpg 88w\" sizes=\"auto, (max-width: 188px) 100vw, 188px\" \/><\/a>\n\t\t\t<\/dt><\/dl><dl class='gallery-item'>\n\t\t\t<dt class='gallery-icon landscape'>\n\t\t\t\t<a href='http:\/\/www.skupina75.it\/wp-content\/uploads\/2012\/05\/2_img_0275.jpg' title=\"\" data-rl_title=\"\" class=\"rl-gallery-link\" data-rl_caption=\"\" data-rel=\"lightbox-gallery-2\"><img loading=\"lazy\" decoding=\"async\" width=\"188\" height=\"188\" src=\"http:\/\/www.skupina75.it\/wp-content\/uploads\/2012\/05\/2_img_0275-188x188.jpg\" class=\"attachment-thumbnail size-thumbnail\" alt=\"\" srcset=\"http:\/\/www.skupina75.it\/wp-content\/uploads\/2012\/05\/2_img_0275-188x188.jpg 188w, http:\/\/www.skupina75.it\/wp-content\/uploads\/2012\/05\/2_img_0275-88x88.jpg 88w\" sizes=\"auto, (max-width: 188px) 100vw, 188px\" \/><\/a>\n\t\t\t<\/dt><\/dl><dl class='gallery-item'>\n\t\t\t<dt class='gallery-icon landscape'>\n\t\t\t\t<a href='http:\/\/www.skupina75.it\/wp-content\/uploads\/2012\/05\/2_img_0276.jpg' title=\"\" data-rl_title=\"\" class=\"rl-gallery-link\" data-rl_caption=\"\" data-rel=\"lightbox-gallery-2\"><img loading=\"lazy\" decoding=\"async\" width=\"188\" height=\"188\" src=\"http:\/\/www.skupina75.it\/wp-content\/uploads\/2012\/05\/2_img_0276-188x188.jpg\" class=\"attachment-thumbnail size-thumbnail\" alt=\"\" srcset=\"http:\/\/www.skupina75.it\/wp-content\/uploads\/2012\/05\/2_img_0276-188x188.jpg 188w, http:\/\/www.skupina75.it\/wp-content\/uploads\/2012\/05\/2_img_0276-88x88.jpg 88w\" sizes=\"auto, (max-width: 188px) 100vw, 188px\" \/><\/a>\n\t\t\t<\/dt><\/dl><br style=\"clear: both\" \/><dl class='gallery-item'>\n\t\t\t<dt class='gallery-icon landscape'>\n\t\t\t\t<a href='http:\/\/www.skupina75.it\/wp-content\/uploads\/2012\/05\/2_img_0282.jpg' title=\"\" data-rl_title=\"\" class=\"rl-gallery-link\" data-rl_caption=\"\" data-rel=\"lightbox-gallery-2\"><img loading=\"lazy\" decoding=\"async\" width=\"188\" height=\"188\" src=\"http:\/\/www.skupina75.it\/wp-content\/uploads\/2012\/05\/2_img_0282-188x188.jpg\" class=\"attachment-thumbnail size-thumbnail\" alt=\"\" srcset=\"http:\/\/www.skupina75.it\/wp-content\/uploads\/2012\/05\/2_img_0282-188x188.jpg 188w, http:\/\/www.skupina75.it\/wp-content\/uploads\/2012\/05\/2_img_0282-88x88.jpg 88w\" sizes=\"auto, (max-width: 188px) 100vw, 188px\" \/><\/a>\n\t\t\t<\/dt><\/dl><dl class='gallery-item'>\n\t\t\t<dt class='gallery-icon landscape'>\n\t\t\t\t<a href='http:\/\/www.skupina75.it\/wp-content\/uploads\/2012\/05\/2_img_0285.jpg' title=\"\" data-rl_title=\"\" class=\"rl-gallery-link\" data-rl_caption=\"\" data-rel=\"lightbox-gallery-2\"><img loading=\"lazy\" decoding=\"async\" width=\"188\" height=\"188\" src=\"http:\/\/www.skupina75.it\/wp-content\/uploads\/2012\/05\/2_img_0285-188x188.jpg\" class=\"attachment-thumbnail size-thumbnail\" alt=\"\" srcset=\"http:\/\/www.skupina75.it\/wp-content\/uploads\/2012\/05\/2_img_0285-188x188.jpg 188w, http:\/\/www.skupina75.it\/wp-content\/uploads\/2012\/05\/2_img_0285-88x88.jpg 88w\" sizes=\"auto, (max-width: 188px) 100vw, 188px\" \/><\/a>\n\t\t\t<\/dt><\/dl>\n\t\t\t<br style='clear: both' \/>\n\t\t<\/div>\n<\/p>","protected":false},"excerpt":{"rendered":"<p>Letnik1949. Sodeluje pri fotoklubu vse od njegovega nastanka. Veliko zaslugo ima, da je v 90. letih po\u017eivil delovanje kluba in mu tudi vseh deset let predseduje. Poleg organizacijske dejavnosti je uspe\u0161en tudi kot fotograf. Leta 1987 je prejel priznanje \u201cJanez Puhar\u201d za aktivno delo za razvoj umetni\u0161ke fotografije. Pomembnej\u0161a priznanja: Nagrajen na razstavah Dia Primorska [&hellip;]<\/p>\n","protected":false},"author":1,"featured_media":116,"parent":30,"menu_order":0,"comment_status":"closed","ping_status":"open","template":"","meta":{"footnotes":""},"class_list":["post-97","page","type-page","status-publish","has-post-thumbnail","hentry"],"_links":{"self":[{"href":"http:\/\/www.skupina75.it\/it\/wp-json\/wp\/v2\/pages\/97","targetHints":{"allow":["GET"]}}],"collection":[{"href":"http:\/\/www.skupina75.it\/it\/wp-json\/wp\/v2\/pages"}],"about":[{"href":"http:\/\/www.skupina75.it\/it\/wp-json\/wp\/v2\/types\/page"}],"author":[{"embeddable":true,"href":"http:\/\/www.skupina75.it\/it\/wp-json\/wp\/v2\/users\/1"}],"replies":[{"embeddable":true,"href":"http:\/\/www.skupina75.it\/it\/wp-json\/wp\/v2\/comments?post=97"}],"version-history":[{"count":3,"href":"http:\/\/www.skupina75.it\/it\/wp-json\/wp\/v2\/pages\/97\/revisions"}],"predecessor-version":[{"id":117,"href":"http:\/\/www.skupina75.it\/it\/wp-json\/wp\/v2\/pages\/97\/revisions\/117"}],"up":[{"embeddable":true,"href":"http:\/\/www.skupina75.it\/it\/wp-json\/wp\/v2\/pages\/30"}],"wp:featuredmedia":[{"embeddable":true,"href":"http:\/\/www.skupina75.it\/it\/wp-json\/wp\/v2\/media\/116"}],"wp:attachment":[{"href":"http:\/\/www.skupina75.it\/it\/wp-json\/wp\/v2\/media?parent=97"}],"curies":[{"name":"wp","href":"https:\/\/api.w.org\/{rel}","templated":true}]}}