{"id":4530,"date":"2021-09-26T15:04:25","date_gmt":"2021-09-26T15:04:25","guid":{"rendered":"http:\/\/www.skupina75.it\/?page_id=4530"},"modified":"2021-09-26T15:07:36","modified_gmt":"2021-09-26T15:07:36","slug":"21-fotosrecanje","status":"publish","type":"page","link":"http:\/\/www.skupina75.it\/it\/fotosrecanje\/21-fotosrecanje\/","title":{"rendered":"21. Fotoincontro"},"content":{"rendered":"<p>Siete gentilmente invitati all&#8217;inaugurazione della mostra fotografica<br \/>\n&#8220;21\u00b0 Fotoincontro&#8221;<br \/>\nsabato\u00a05 ottobre 2019 alle 18.00<\/p>\n<p>Boris Gaber\u0161\u010dik<br \/>\nEleonora Oleotto<br \/>\nDamijan Sedev\u010di\u010d<\/p>\n<p>Remo Cavedale<\/p>\n<p>Circolo fotografico Palmarino<\/p>\n<p>presso il Kulturni dom di Gorizia,\u00a0 via I.Brass, 20<\/p>\n<p>5.10-2019 &#8211; 18.10.2019<br \/>\n9.00-13.00 15.00-18.00<br \/>\nsabato e domenica chiuso, salvo eventi in programma<\/p>\n<div id='gallery-2' class='gallery galleryid-4530 gallery-columns-6 gallery-size-thumbnail'><dl class='gallery-item'>\n\t\t\t<dt class='gallery-icon landscape'>\n\t\t\t\t<a href='http:\/\/www.skupina75.it\/wp-content\/uploads\/2019\/09\/FotoSre2019.jpg' title=\"\" data-rl_title=\"\" class=\"rl-gallery-link\" data-rl_caption=\"\" data-rel=\"lightbox-gallery-2\"><img loading=\"lazy\" decoding=\"async\" width=\"200\" height=\"200\" src=\"http:\/\/www.skupina75.it\/wp-content\/uploads\/2019\/09\/FotoSre2019-200x200.jpg\" class=\"attachment-thumbnail size-thumbnail\" alt=\"\" \/><\/a>\n\t\t\t<\/dt><\/dl><dl class='gallery-item'>\n\t\t\t<dt class='gallery-icon landscape'>\n\t\t\t\t<a href='http:\/\/www.skupina75.it\/wp-content\/uploads\/2019\/09\/IMG_9654a.jpg' title=\"\" data-rl_title=\"\" class=\"rl-gallery-link\" data-rl_caption=\"\" data-rel=\"lightbox-gallery-2\"><img loading=\"lazy\" decoding=\"async\" width=\"200\" height=\"200\" src=\"http:\/\/www.skupina75.it\/wp-content\/uploads\/2019\/09\/IMG_9654a-200x200.jpg\" class=\"attachment-thumbnail size-thumbnail\" alt=\"\" \/><\/a>\n\t\t\t<\/dt><\/dl><dl class='gallery-item'>\n\t\t\t<dt class='gallery-icon landscape'>\n\t\t\t\t<a href='http:\/\/www.skupina75.it\/wp-content\/uploads\/2019\/09\/IMG_9653a.jpg' title=\"\" data-rl_title=\"\" class=\"rl-gallery-link\" data-rl_caption=\"\" data-rel=\"lightbox-gallery-2\"><img loading=\"lazy\" decoding=\"async\" width=\"200\" height=\"200\" src=\"http:\/\/www.skupina75.it\/wp-content\/uploads\/2019\/09\/IMG_9653a-200x200.jpg\" class=\"attachment-thumbnail size-thumbnail\" alt=\"\" \/><\/a>\n\t\t\t<\/dt><\/dl><dl class='gallery-item'>\n\t\t\t<dt class='gallery-icon landscape'>\n\t\t\t\t<a href='http:\/\/www.skupina75.it\/wp-content\/uploads\/2019\/09\/IMG_9652a.jpg' title=\"\" data-rl_title=\"\" class=\"rl-gallery-link\" data-rl_caption=\"\" data-rel=\"lightbox-gallery-2\"><img loading=\"lazy\" decoding=\"async\" width=\"200\" height=\"200\" src=\"http:\/\/www.skupina75.it\/wp-content\/uploads\/2019\/09\/IMG_9652a-200x200.jpg\" class=\"attachment-thumbnail size-thumbnail\" alt=\"\" \/><\/a>\n\t\t\t<\/dt><\/dl><dl class='gallery-item'>\n\t\t\t<dt class='gallery-icon landscape'>\n\t\t\t\t<a href='http:\/\/www.skupina75.it\/wp-content\/uploads\/2019\/09\/IMG_9650mobi3.jpg' title=\"\" data-rl_title=\"\" class=\"rl-gallery-link\" data-rl_caption=\"\" data-rel=\"lightbox-gallery-2\"><img loading=\"lazy\" decoding=\"async\" width=\"200\" height=\"200\" src=\"http:\/\/www.skupina75.it\/wp-content\/uploads\/2019\/09\/IMG_9650mobi3-200x200.jpg\" class=\"attachment-thumbnail size-thumbnail\" alt=\"\" \/><\/a>\n\t\t\t<\/dt><\/dl><dl class='gallery-item'>\n\t\t\t<dt class='gallery-icon landscape'>\n\t\t\t\t<a href='http:\/\/www.skupina75.it\/wp-content\/uploads\/2019\/09\/IMG_9650mobi2.jpg' title=\"\" data-rl_title=\"\" class=\"rl-gallery-link\" data-rl_caption=\"\" data-rel=\"lightbox-gallery-2\"><img loading=\"lazy\" decoding=\"async\" width=\"200\" height=\"200\" src=\"http:\/\/www.skupina75.it\/wp-content\/uploads\/2019\/09\/IMG_9650mobi2-200x200.jpg\" class=\"attachment-thumbnail size-thumbnail\" alt=\"\" \/><\/a>\n\t\t\t<\/dt><\/dl><br style=\"clear: both\" \/><dl class='gallery-item'>\n\t\t\t<dt class='gallery-icon landscape'>\n\t\t\t\t<a href='http:\/\/www.skupina75.it\/wp-content\/uploads\/2019\/09\/IMG_9650mobi.jpg' title=\"\" data-rl_title=\"\" class=\"rl-gallery-link\" data-rl_caption=\"\" data-rel=\"lightbox-gallery-2\"><img loading=\"lazy\" decoding=\"async\" width=\"200\" height=\"200\" src=\"http:\/\/www.skupina75.it\/wp-content\/uploads\/2019\/09\/IMG_9650mobi-200x200.jpg\" class=\"attachment-thumbnail size-thumbnail\" alt=\"\" \/><\/a>\n\t\t\t<\/dt><\/dl><dl class='gallery-item'>\n\t\t\t<dt class='gallery-icon landscape'>\n\t\t\t\t<a href='http:\/\/www.skupina75.it\/wp-content\/uploads\/2019\/09\/IMG_9647a.jpg' title=\"\" data-rl_title=\"\" class=\"rl-gallery-link\" data-rl_caption=\"\" data-rel=\"lightbox-gallery-2\"><img loading=\"lazy\" decoding=\"async\" width=\"200\" height=\"200\" src=\"http:\/\/www.skupina75.it\/wp-content\/uploads\/2019\/09\/IMG_9647a-200x200.jpg\" class=\"attachment-thumbnail size-thumbnail\" alt=\"\" \/><\/a>\n\t\t\t<\/dt><\/dl><dl class='gallery-item'>\n\t\t\t<dt class='gallery-icon landscape'>\n\t\t\t\t<a href='http:\/\/www.skupina75.it\/wp-content\/uploads\/2019\/09\/IMG_9638a2.jpg' title=\"\" data-rl_title=\"\" class=\"rl-gallery-link\" data-rl_caption=\"\" data-rel=\"lightbox-gallery-2\"><img loading=\"lazy\" decoding=\"async\" width=\"200\" height=\"200\" src=\"http:\/\/www.skupina75.it\/wp-content\/uploads\/2019\/09\/IMG_9638a2-200x200.jpg\" class=\"attachment-thumbnail size-thumbnail\" alt=\"\" \/><\/a>\n\t\t\t<\/dt><\/dl><dl class='gallery-item'>\n\t\t\t<dt class='gallery-icon landscape'>\n\t\t\t\t<a href='http:\/\/www.skupina75.it\/wp-content\/uploads\/2019\/09\/IMG_9619a.jpg' title=\"\" data-rl_title=\"\" class=\"rl-gallery-link\" data-rl_caption=\"\" data-rel=\"lightbox-gallery-2\"><img loading=\"lazy\" decoding=\"async\" width=\"200\" height=\"200\" src=\"http:\/\/www.skupina75.it\/wp-content\/uploads\/2019\/09\/IMG_9619a-200x200.jpg\" class=\"attachment-thumbnail size-thumbnail\" alt=\"\" \/><\/a>\n\t\t\t<\/dt><\/dl><dl class='gallery-item'>\n\t\t\t<dt class='gallery-icon landscape'>\n\t\t\t\t<a href='http:\/\/www.skupina75.it\/wp-content\/uploads\/2019\/09\/IMG_9617a.jpg' title=\"\" data-rl_title=\"\" class=\"rl-gallery-link\" data-rl_caption=\"\" data-rel=\"lightbox-gallery-2\"><img loading=\"lazy\" decoding=\"async\" width=\"200\" height=\"200\" src=\"http:\/\/www.skupina75.it\/wp-content\/uploads\/2019\/09\/IMG_9617a-200x200.jpg\" class=\"attachment-thumbnail size-thumbnail\" alt=\"\" \/><\/a>\n\t\t\t<\/dt><\/dl><dl class='gallery-item'>\n\t\t\t<dt class='gallery-icon landscape'>\n\t\t\t\t<a href='http:\/\/www.skupina75.it\/wp-content\/uploads\/2019\/09\/IMG_9613a2.jpg' title=\"\" data-rl_title=\"\" class=\"rl-gallery-link\" data-rl_caption=\"\" data-rel=\"lightbox-gallery-2\"><img loading=\"lazy\" decoding=\"async\" width=\"200\" height=\"200\" src=\"http:\/\/www.skupina75.it\/wp-content\/uploads\/2019\/09\/IMG_9613a2-200x200.jpg\" class=\"attachment-thumbnail size-thumbnail\" alt=\"\" \/><\/a>\n\t\t\t<\/dt><\/dl><br style=\"clear: both\" \/><dl class='gallery-item'>\n\t\t\t<dt class='gallery-icon landscape'>\n\t\t\t\t<a href='http:\/\/www.skupina75.it\/wp-content\/uploads\/2019\/09\/IMG_9603a.jpg' title=\"\" data-rl_title=\"\" class=\"rl-gallery-link\" data-rl_caption=\"\" data-rel=\"lightbox-gallery-2\"><img loading=\"lazy\" decoding=\"async\" width=\"200\" height=\"200\" src=\"http:\/\/www.skupina75.it\/wp-content\/uploads\/2019\/09\/IMG_9603a-200x200.jpg\" class=\"attachment-thumbnail size-thumbnail\" alt=\"\" \/><\/a>\n\t\t\t<\/dt><\/dl><dl class='gallery-item'>\n\t\t\t<dt class='gallery-icon landscape'>\n\t\t\t\t<a href='http:\/\/www.skupina75.it\/wp-content\/uploads\/2019\/09\/IMG_9598.jpg' title=\"\" data-rl_title=\"\" class=\"rl-gallery-link\" data-rl_caption=\"\" data-rel=\"lightbox-gallery-2\"><img loading=\"lazy\" decoding=\"async\" width=\"200\" height=\"200\" src=\"http:\/\/www.skupina75.it\/wp-content\/uploads\/2019\/09\/IMG_9598-200x200.jpg\" class=\"attachment-thumbnail size-thumbnail\" alt=\"\" \/><\/a>\n\t\t\t<\/dt><\/dl><dl class='gallery-item'>\n\t\t\t<dt class='gallery-icon landscape'>\n\t\t\t\t<a href='http:\/\/www.skupina75.it\/wp-content\/uploads\/2019\/09\/IMG_9591a.jpg' title=\"\" data-rl_title=\"\" class=\"rl-gallery-link\" data-rl_caption=\"\" data-rel=\"lightbox-gallery-2\"><img loading=\"lazy\" decoding=\"async\" width=\"200\" height=\"200\" src=\"http:\/\/www.skupina75.it\/wp-content\/uploads\/2019\/09\/IMG_9591a-200x200.jpg\" class=\"attachment-thumbnail size-thumbnail\" alt=\"\" \/><\/a>\n\t\t\t<\/dt><\/dl><dl class='gallery-item'>\n\t\t\t<dt class='gallery-icon landscape'>\n\t\t\t\t<a href='http:\/\/www.skupina75.it\/wp-content\/uploads\/2019\/09\/IMG_9578a.jpg' title=\"\" data-rl_title=\"\" class=\"rl-gallery-link\" data-rl_caption=\"\" data-rel=\"lightbox-gallery-2\"><img loading=\"lazy\" decoding=\"async\" width=\"200\" height=\"200\" src=\"http:\/\/www.skupina75.it\/wp-content\/uploads\/2019\/09\/IMG_9578a-200x200.jpg\" class=\"attachment-thumbnail size-thumbnail\" alt=\"\" \/><\/a>\n\t\t\t<\/dt><\/dl><dl class='gallery-item'>\n\t\t\t<dt class='gallery-icon landscape'>\n\t\t\t\t<a href='http:\/\/www.skupina75.it\/wp-content\/uploads\/2019\/09\/IMG_9561a.jpg' title=\"\" data-rl_title=\"\" class=\"rl-gallery-link\" data-rl_caption=\"\" data-rel=\"lightbox-gallery-2\"><img loading=\"lazy\" decoding=\"async\" width=\"200\" height=\"200\" src=\"http:\/\/www.skupina75.it\/wp-content\/uploads\/2019\/09\/IMG_9561a-200x200.jpg\" class=\"attachment-thumbnail size-thumbnail\" alt=\"\" \/><\/a>\n\t\t\t<\/dt><\/dl><dl class='gallery-item'>\n\t\t\t<dt class='gallery-icon landscape'>\n\t\t\t\t<a href='http:\/\/www.skupina75.it\/wp-content\/uploads\/2019\/09\/IMG_9540a.jpg' title=\"\" data-rl_title=\"\" class=\"rl-gallery-link\" data-rl_caption=\"\" data-rel=\"lightbox-gallery-2\"><img loading=\"lazy\" decoding=\"async\" width=\"200\" height=\"200\" src=\"http:\/\/www.skupina75.it\/wp-content\/uploads\/2019\/09\/IMG_9540a-200x200.jpg\" class=\"attachment-thumbnail size-thumbnail\" alt=\"\" \/><\/a>\n\t\t\t<\/dt><\/dl><br style=\"clear: both\" \/><dl class='gallery-item'>\n\t\t\t<dt class='gallery-icon landscape'>\n\t\t\t\t<a href='http:\/\/www.skupina75.it\/wp-content\/uploads\/2019\/09\/IMG_9530a.jpg' title=\"\" data-rl_title=\"\" class=\"rl-gallery-link\" data-rl_caption=\"\" data-rel=\"lightbox-gallery-2\"><img loading=\"lazy\" decoding=\"async\" width=\"200\" height=\"200\" src=\"http:\/\/www.skupina75.it\/wp-content\/uploads\/2019\/09\/IMG_9530a-200x200.jpg\" class=\"attachment-thumbnail size-thumbnail\" alt=\"\" \/><\/a>\n\t\t\t<\/dt><\/dl><dl class='gallery-item'>\n\t\t\t<dt class='gallery-icon portrait'>\n\t\t\t\t<a href='http:\/\/www.skupina75.it\/wp-content\/uploads\/2019\/09\/IMG_9511a2.jpg' title=\"\" data-rl_title=\"\" class=\"rl-gallery-link\" data-rl_caption=\"\" data-rel=\"lightbox-gallery-2\"><img loading=\"lazy\" decoding=\"async\" width=\"200\" height=\"200\" src=\"http:\/\/www.skupina75.it\/wp-content\/uploads\/2019\/09\/IMG_9511a2-200x200.jpg\" class=\"attachment-thumbnail size-thumbnail\" alt=\"\" \/><\/a>\n\t\t\t<\/dt><\/dl>\n\t\t\t<br style='clear: both' \/>\n\t\t<\/div>\n\n<p><a href=\"http:\/\/www.skupina75.it\/wp-content\/uploads\/2019\/09\/katalog_21foto_bozz03-1.pdf\">Katalog 2019<\/a><\/p>\n<p><\/p>","protected":false},"excerpt":{"rendered":"<p>Siete gentilmente invitati all&#8217;inaugurazione della mostra fotografica &#8220;21\u00b0 Fotoincontro&#8221; sabato\u00a05 ottobre 2019 alle 18.00 Boris Gaber\u0161\u010dik Eleonora Oleotto Damijan Sedev\u010di\u010d Remo Cavedale Circolo fotografico Palmarino presso il Kulturni dom di Gorizia,\u00a0 via I.Brass, 20 5.10-2019 &#8211; 18.10.2019 9.00-13.00 15.00-18.00 sabato e domenica chiuso, salvo eventi in programma Katalog 2019<\/p>\n","protected":false},"author":4,"featured_media":0,"parent":12,"menu_order":2,"comment_status":"closed","ping_status":"closed","template":"","meta":{"footnotes":""},"class_list":["post-4530","page","type-page","status-publish","hentry"],"_links":{"self":[{"href":"http:\/\/www.skupina75.it\/it\/wp-json\/wp\/v2\/pages\/4530","targetHints":{"allow":["GET"]}}],"collection":[{"href":"http:\/\/www.skupina75.it\/it\/wp-json\/wp\/v2\/pages"}],"about":[{"href":"http:\/\/www.skupina75.it\/it\/wp-json\/wp\/v2\/types\/page"}],"author":[{"embeddable":true,"href":"http:\/\/www.skupina75.it\/it\/wp-json\/wp\/v2\/users\/4"}],"replies":[{"embeddable":true,"href":"http:\/\/www.skupina75.it\/it\/wp-json\/wp\/v2\/comments?post=4530"}],"version-history":[{"count":2,"href":"http:\/\/www.skupina75.it\/it\/wp-json\/wp\/v2\/pages\/4530\/revisions"}],"predecessor-version":[{"id":4533,"href":"http:\/\/www.skupina75.it\/it\/wp-json\/wp\/v2\/pages\/4530\/revisions\/4533"}],"up":[{"embeddable":true,"href":"http:\/\/www.skupina75.it\/it\/wp-json\/wp\/v2\/pages\/12"}],"wp:attachment":[{"href":"http:\/\/www.skupina75.it\/it\/wp-json\/wp\/v2\/media?parent=4530"}],"curies":[{"name":"wp","href":"https:\/\/api.w.org\/{rel}","templated":true}]}}