{"id":3273,"date":"2017-06-14T11:43:58","date_gmt":"2017-06-14T11:43:58","guid":{"rendered":"http:\/\/www.skupina75.it\/?page_id=3273"},"modified":"2018-10-10T14:00:27","modified_gmt":"2018-10-10T14:00:27","slug":"18-fotosrecanje","status":"publish","type":"page","link":"http:\/\/www.skupina75.it\/it\/fotosrecanje\/18-fotosrecanje\/","title":{"rendered":"18. Fotoincontro"},"content":{"rendered":"<p>Inaugurazione 8.10.2016 &#8211; 18.30 &#8211; Kulturni dom Gorizia, via I. Brass 20, Gorizia<br \/>\nEspongono:<\/p>\n<ul>\n<li>\u017diga Gri\u010dnik (slo)<\/li>\n<li>Mi\u0161a Keskenovi\u0107 (slo)<\/li>\n<li>Tanja La\u017eeti\u0107 (slo)<\/li>\n<li>Elena Melnykova (ita)<\/li>\n<li>Simon Zamar (slo)<\/li>\n<li>Circolo Fotografico Friulano (ita)<\/li>\n<li><\/li>\n<\/ul>\n<p>8.10.2016 &#8211; 18.10.2016<br \/>\n10.00 &#8211; 13.00, 16.00 &#8211; 18.00 giorni feriali<\/p>\n<div id='gallery-2' class='gallery galleryid-3273 gallery-columns-6 gallery-size-thumbnail'><dl class='gallery-item'>\n\t\t\t<dt class='gallery-icon landscape'>\n\t\t\t\t<a href='http:\/\/www.skupina75.it\/wp-content\/uploads\/2016\/10\/Miso-Keskenovic.jpg' title=\"\" data-rl_title=\"\" class=\"rl-gallery-link\" data-rl_caption=\"\" data-rel=\"lightbox-gallery-2\"><img loading=\"lazy\" decoding=\"async\" width=\"200\" height=\"200\" src=\"http:\/\/www.skupina75.it\/wp-content\/uploads\/2016\/10\/Miso-Keskenovic-200x200.jpg\" class=\"attachment-thumbnail size-thumbnail\" alt=\"\" aria-describedby=\"gallery-2-3042\" \/><\/a>\n\t\t\t<\/dt>\n\t\t\t\t<dd class='wp-caption-text gallery-caption' id='gallery-2-3042'>\n\t\t\t\tMiso Keskenovic\n\t\t\t\t<\/dd><\/dl><dl class='gallery-item'>\n\t\t\t<dt class='gallery-icon landscape'>\n\t\t\t\t<a href='http:\/\/www.skupina75.it\/wp-content\/uploads\/2016\/10\/Ziga-Gricnik.jpg' title=\"\" data-rl_title=\"\" class=\"rl-gallery-link\" data-rl_caption=\"\" data-rel=\"lightbox-gallery-2\"><img loading=\"lazy\" decoding=\"async\" width=\"200\" height=\"200\" src=\"http:\/\/www.skupina75.it\/wp-content\/uploads\/2016\/10\/Ziga-Gricnik-200x200.jpg\" class=\"attachment-thumbnail size-thumbnail\" alt=\"\" aria-describedby=\"gallery-2-3045\" \/><\/a>\n\t\t\t<\/dt>\n\t\t\t\t<dd class='wp-caption-text gallery-caption' id='gallery-2-3045'>\n\t\t\t\t\u017diga Gri\u010dnik\n\t\t\t\t<\/dd><\/dl><dl class='gallery-item'>\n\t\t\t<dt class='gallery-icon landscape'>\n\t\t\t\t<a href='http:\/\/www.skupina75.it\/wp-content\/uploads\/2016\/10\/Tanja-Lazetic.jpg' title=\"\" data-rl_title=\"\" class=\"rl-gallery-link\" data-rl_caption=\"\" data-rel=\"lightbox-gallery-2\"><img loading=\"lazy\" decoding=\"async\" width=\"200\" height=\"200\" src=\"http:\/\/www.skupina75.it\/wp-content\/uploads\/2016\/10\/Tanja-Lazetic-200x200.jpg\" class=\"attachment-thumbnail size-thumbnail\" alt=\"\" aria-describedby=\"gallery-2-3044\" \/><\/a>\n\t\t\t<\/dt>\n\t\t\t\t<dd class='wp-caption-text gallery-caption' id='gallery-2-3044'>\n\t\t\t\tTanja Lazetic\n\t\t\t\t<\/dd><\/dl><dl class='gallery-item'>\n\t\t\t<dt class='gallery-icon landscape'>\n\t\t\t\t<a href='http:\/\/www.skupina75.it\/wp-content\/uploads\/2016\/10\/Elena-Melnykova.jpg' title=\"\" data-rl_title=\"\" class=\"rl-gallery-link\" data-rl_caption=\"\" data-rel=\"lightbox-gallery-2\"><img loading=\"lazy\" decoding=\"async\" width=\"200\" height=\"200\" src=\"http:\/\/www.skupina75.it\/wp-content\/uploads\/2016\/10\/Elena-Melnykova-200x200.jpg\" class=\"attachment-thumbnail size-thumbnail\" alt=\"\" aria-describedby=\"gallery-2-3041\" \/><\/a>\n\t\t\t<\/dt>\n\t\t\t\t<dd class='wp-caption-text gallery-caption' id='gallery-2-3041'>\n\t\t\t\tElena Melynkova\n\t\t\t\t<\/dd><\/dl><dl class='gallery-item'>\n\t\t\t<dt class='gallery-icon landscape'>\n\t\t\t\t<a href='http:\/\/www.skupina75.it\/wp-content\/uploads\/2016\/10\/Simon-Zamar.jpg' title=\"\" data-rl_title=\"\" class=\"rl-gallery-link\" data-rl_caption=\"\" data-rel=\"lightbox-gallery-2\"><img loading=\"lazy\" decoding=\"async\" width=\"200\" height=\"200\" src=\"http:\/\/www.skupina75.it\/wp-content\/uploads\/2016\/10\/Simon-Zamar-200x200.jpg\" class=\"attachment-thumbnail size-thumbnail\" alt=\"\" aria-describedby=\"gallery-2-3043\" \/><\/a>\n\t\t\t<\/dt>\n\t\t\t\t<dd class='wp-caption-text gallery-caption' id='gallery-2-3043'>\n\t\t\t\tSimon Zamar\n\t\t\t\t<\/dd><\/dl><dl class='gallery-item'>\n\t\t\t<dt class='gallery-icon portrait'>\n\t\t\t\t<a href='http:\/\/www.skupina75.it\/wp-content\/uploads\/2016\/10\/Circolo-Fotografico-Friulano-1.jpg' title=\"\" data-rl_title=\"\" class=\"rl-gallery-link\" data-rl_caption=\"\" data-rel=\"lightbox-gallery-2\"><img loading=\"lazy\" decoding=\"async\" width=\"200\" height=\"200\" src=\"http:\/\/www.skupina75.it\/wp-content\/uploads\/2016\/10\/Circolo-Fotografico-Friulano-1-200x200.jpg\" class=\"attachment-thumbnail size-thumbnail\" alt=\"\" aria-describedby=\"gallery-2-3032\" \/><\/a>\n\t\t\t<\/dt>\n\t\t\t\t<dd class='wp-caption-text gallery-caption' id='gallery-2-3032'>\n\t\t\t\tCircolo Fotografico Friulano\n\t\t\t\t<\/dd><\/dl><br style=\"clear: both\" \/><dl class='gallery-item'>\n\t\t\t<dt class='gallery-icon landscape'>\n\t\t\t\t<a href='http:\/\/www.skupina75.it\/wp-content\/uploads\/2016\/10\/Circolo-Fotografico-Friulano-2.jpg' title=\"\" data-rl_title=\"\" class=\"rl-gallery-link\" data-rl_caption=\"\" data-rel=\"lightbox-gallery-2\"><img loading=\"lazy\" decoding=\"async\" width=\"200\" height=\"200\" src=\"http:\/\/www.skupina75.it\/wp-content\/uploads\/2016\/10\/Circolo-Fotografico-Friulano-2-200x200.jpg\" class=\"attachment-thumbnail size-thumbnail\" alt=\"\" aria-describedby=\"gallery-2-3033\" \/><\/a>\n\t\t\t<\/dt>\n\t\t\t\t<dd class='wp-caption-text gallery-caption' id='gallery-2-3033'>\n\t\t\t\tCircolo Fotografico Friulano\n\t\t\t\t<\/dd><\/dl><dl class='gallery-item'>\n\t\t\t<dt class='gallery-icon landscape'>\n\t\t\t\t<a href='http:\/\/www.skupina75.it\/wp-content\/uploads\/2016\/10\/Circolo-Fotografico-Friulano-4.jpg' title=\"\" data-rl_title=\"\" class=\"rl-gallery-link\" data-rl_caption=\"\" data-rel=\"lightbox-gallery-2\"><img loading=\"lazy\" decoding=\"async\" width=\"200\" height=\"200\" src=\"http:\/\/www.skupina75.it\/wp-content\/uploads\/2016\/10\/Circolo-Fotografico-Friulano-4-200x200.jpg\" class=\"attachment-thumbnail size-thumbnail\" alt=\"\" aria-describedby=\"gallery-2-3035\" \/><\/a>\n\t\t\t<\/dt>\n\t\t\t\t<dd class='wp-caption-text gallery-caption' id='gallery-2-3035'>\n\t\t\t\tCircolo Fotografico Friulano\n\t\t\t\t<\/dd><\/dl><dl class='gallery-item'>\n\t\t\t<dt class='gallery-icon landscape'>\n\t\t\t\t<a href='http:\/\/www.skupina75.it\/wp-content\/uploads\/2016\/10\/Circolo-Fotografico-Friulano-3.jpg' title=\"\" data-rl_title=\"\" class=\"rl-gallery-link\" data-rl_caption=\"\" data-rel=\"lightbox-gallery-2\"><img loading=\"lazy\" decoding=\"async\" width=\"200\" height=\"200\" src=\"http:\/\/www.skupina75.it\/wp-content\/uploads\/2016\/10\/Circolo-Fotografico-Friulano-3-200x200.jpg\" class=\"attachment-thumbnail size-thumbnail\" alt=\"\" aria-describedby=\"gallery-2-3034\" \/><\/a>\n\t\t\t<\/dt>\n\t\t\t\t<dd class='wp-caption-text gallery-caption' id='gallery-2-3034'>\n\t\t\t\tCircolo Fotografico Friulano\n\t\t\t\t<\/dd><\/dl><dl class='gallery-item'>\n\t\t\t<dt class='gallery-icon landscape'>\n\t\t\t\t<a href='http:\/\/www.skupina75.it\/wp-content\/uploads\/2016\/10\/Circolo-Fotografico-Friulano-5.jpg' title=\"\" data-rl_title=\"\" class=\"rl-gallery-link\" data-rl_caption=\"\" data-rel=\"lightbox-gallery-2\"><img loading=\"lazy\" decoding=\"async\" width=\"200\" height=\"200\" src=\"http:\/\/www.skupina75.it\/wp-content\/uploads\/2016\/10\/Circolo-Fotografico-Friulano-5-200x200.jpg\" class=\"attachment-thumbnail size-thumbnail\" alt=\"\" aria-describedby=\"gallery-2-3036\" srcset=\"http:\/\/www.skupina75.it\/wp-content\/uploads\/2016\/10\/Circolo-Fotografico-Friulano-5-200x200.jpg 200w, http:\/\/www.skupina75.it\/wp-content\/uploads\/2016\/10\/Circolo-Fotografico-Friulano-5-288x288.jpg 288w, http:\/\/www.skupina75.it\/wp-content\/uploads\/2016\/10\/Circolo-Fotografico-Friulano-5-768x768.jpg 768w, http:\/\/www.skupina75.it\/wp-content\/uploads\/2016\/10\/Circolo-Fotografico-Friulano-5-494x494.jpg 494w, http:\/\/www.skupina75.it\/wp-content\/uploads\/2016\/10\/Circolo-Fotografico-Friulano-5.jpg 1000w\" sizes=\"auto, (max-width: 200px) 100vw, 200px\" \/><\/a>\n\t\t\t<\/dt>\n\t\t\t\t<dd class='wp-caption-text gallery-caption' id='gallery-2-3036'>\n\t\t\t\tCircolo Fotografico Friulano\n\t\t\t\t<\/dd><\/dl><dl class='gallery-item'>\n\t\t\t<dt class='gallery-icon portrait'>\n\t\t\t\t<a href='http:\/\/www.skupina75.it\/wp-content\/uploads\/2016\/10\/Circolo-Fotografico-Friulano-6.jpg' title=\"\" data-rl_title=\"\" class=\"rl-gallery-link\" data-rl_caption=\"\" data-rel=\"lightbox-gallery-2\"><img loading=\"lazy\" decoding=\"async\" width=\"200\" height=\"200\" src=\"http:\/\/www.skupina75.it\/wp-content\/uploads\/2016\/10\/Circolo-Fotografico-Friulano-6-200x200.jpg\" class=\"attachment-thumbnail size-thumbnail\" alt=\"\" aria-describedby=\"gallery-2-3037\" \/><\/a>\n\t\t\t<\/dt>\n\t\t\t\t<dd class='wp-caption-text gallery-caption' id='gallery-2-3037'>\n\t\t\t\tCircolo Fotografico Friulano\n\t\t\t\t<\/dd><\/dl><dl class='gallery-item'>\n\t\t\t<dt class='gallery-icon landscape'>\n\t\t\t\t<a href='http:\/\/www.skupina75.it\/wp-content\/uploads\/2016\/10\/Circolo-Fotografico-Friulano-7.jpg' title=\"\" data-rl_title=\"\" class=\"rl-gallery-link\" data-rl_caption=\"\" data-rel=\"lightbox-gallery-2\"><img loading=\"lazy\" decoding=\"async\" width=\"200\" height=\"200\" src=\"http:\/\/www.skupina75.it\/wp-content\/uploads\/2016\/10\/Circolo-Fotografico-Friulano-7-200x200.jpg\" class=\"attachment-thumbnail size-thumbnail\" alt=\"\" aria-describedby=\"gallery-2-3038\" \/><\/a>\n\t\t\t<\/dt>\n\t\t\t\t<dd class='wp-caption-text gallery-caption' id='gallery-2-3038'>\n\t\t\t\tCircolo Fotografico Friulano\n\t\t\t\t<\/dd><\/dl><br style=\"clear: both\" \/><dl class='gallery-item'>\n\t\t\t<dt class='gallery-icon landscape'>\n\t\t\t\t<a href='http:\/\/www.skupina75.it\/wp-content\/uploads\/2016\/10\/Circolo-Fotografico-Friulano-8.jpg' title=\"\" data-rl_title=\"\" class=\"rl-gallery-link\" data-rl_caption=\"\" data-rel=\"lightbox-gallery-2\"><img loading=\"lazy\" decoding=\"async\" width=\"200\" height=\"200\" src=\"http:\/\/www.skupina75.it\/wp-content\/uploads\/2016\/10\/Circolo-Fotografico-Friulano-8-200x200.jpg\" class=\"attachment-thumbnail size-thumbnail\" alt=\"\" aria-describedby=\"gallery-2-3039\" \/><\/a>\n\t\t\t<\/dt>\n\t\t\t\t<dd class='wp-caption-text gallery-caption' id='gallery-2-3039'>\n\t\t\t\tCircolo Fotografico Friulano\n\t\t\t\t<\/dd><\/dl><dl class='gallery-item'>\n\t\t\t<dt class='gallery-icon landscape'>\n\t\t\t\t<a href='http:\/\/www.skupina75.it\/wp-content\/uploads\/2016\/10\/Circolo-Fotografico-Friulano-9.jpg' title=\"\" data-rl_title=\"\" class=\"rl-gallery-link\" data-rl_caption=\"\" data-rel=\"lightbox-gallery-2\"><img loading=\"lazy\" decoding=\"async\" width=\"200\" height=\"200\" src=\"http:\/\/www.skupina75.it\/wp-content\/uploads\/2016\/10\/Circolo-Fotografico-Friulano-9-200x200.jpg\" class=\"attachment-thumbnail size-thumbnail\" alt=\"\" aria-describedby=\"gallery-2-3040\" \/><\/a>\n\t\t\t<\/dt>\n\t\t\t\t<dd class='wp-caption-text gallery-caption' id='gallery-2-3040'>\n\t\t\t\tCircolo Fotografico Friulano\n\t\t\t\t<\/dd><\/dl><dl class='gallery-item'>\n\t\t\t<dt class='gallery-icon landscape'>\n\t\t\t\t<a href='http:\/\/www.skupina75.it\/wp-content\/uploads\/2016\/10\/vabilo18fotosr1.jpg' title=\"\" data-rl_title=\"\" class=\"rl-gallery-link\" data-rl_caption=\"\" data-rel=\"lightbox-gallery-2\"><img loading=\"lazy\" decoding=\"async\" width=\"200\" height=\"200\" src=\"http:\/\/www.skupina75.it\/wp-content\/uploads\/2016\/10\/vabilo18fotosr1-200x200.jpg\" class=\"attachment-thumbnail size-thumbnail\" alt=\"\" \/><\/a>\n\t\t\t<\/dt><\/dl><dl class='gallery-item'>\n\t\t\t<dt class='gallery-icon landscape'>\n\t\t\t\t<a href='http:\/\/www.skupina75.it\/wp-content\/uploads\/2016\/10\/IMG_0431.jpg' title=\"\" data-rl_title=\"\" class=\"rl-gallery-link\" data-rl_caption=\"\" data-rel=\"lightbox-gallery-2\"><img loading=\"lazy\" decoding=\"async\" width=\"200\" height=\"200\" src=\"http:\/\/www.skupina75.it\/wp-content\/uploads\/2016\/10\/IMG_0431-200x200.jpg\" class=\"attachment-thumbnail size-thumbnail\" alt=\"\" \/><\/a>\n\t\t\t<\/dt><\/dl><dl class='gallery-item'>\n\t\t\t<dt class='gallery-icon portrait'>\n\t\t\t\t<a href='http:\/\/www.skupina75.it\/wp-content\/uploads\/2016\/10\/IMG_0497.jpg' title=\"\" data-rl_title=\"\" class=\"rl-gallery-link\" data-rl_caption=\"\" data-rel=\"lightbox-gallery-2\"><img loading=\"lazy\" decoding=\"async\" width=\"200\" height=\"200\" src=\"http:\/\/www.skupina75.it\/wp-content\/uploads\/2016\/10\/IMG_0497-200x200.jpg\" class=\"attachment-thumbnail size-thumbnail\" alt=\"\" \/><\/a>\n\t\t\t<\/dt><\/dl><dl class='gallery-item'>\n\t\t\t<dt class='gallery-icon landscape'>\n\t\t\t\t<a href='http:\/\/www.skupina75.it\/wp-content\/uploads\/2016\/10\/IMG_0442.jpg' title=\"\" data-rl_title=\"\" class=\"rl-gallery-link\" data-rl_caption=\"\" data-rel=\"lightbox-gallery-2\"><img loading=\"lazy\" decoding=\"async\" width=\"200\" height=\"200\" src=\"http:\/\/www.skupina75.it\/wp-content\/uploads\/2016\/10\/IMG_0442-200x200.jpg\" class=\"attachment-thumbnail size-thumbnail\" alt=\"\" \/><\/a>\n\t\t\t<\/dt><\/dl><br style=\"clear: both\" \/><dl class='gallery-item'>\n\t\t\t<dt class='gallery-icon landscape'>\n\t\t\t\t<a href='http:\/\/www.skupina75.it\/wp-content\/uploads\/2016\/10\/IMG_0441.jpg' title=\"\" data-rl_title=\"\" class=\"rl-gallery-link\" data-rl_caption=\"\" data-rel=\"lightbox-gallery-2\"><img loading=\"lazy\" decoding=\"async\" width=\"200\" height=\"200\" src=\"http:\/\/www.skupina75.it\/wp-content\/uploads\/2016\/10\/IMG_0441-200x200.jpg\" class=\"attachment-thumbnail size-thumbnail\" alt=\"\" \/><\/a>\n\t\t\t<\/dt><\/dl><dl class='gallery-item'>\n\t\t\t<dt class='gallery-icon landscape'>\n\t\t\t\t<a href='http:\/\/www.skupina75.it\/wp-content\/uploads\/2016\/10\/IMG_0440.jpg' title=\"\" data-rl_title=\"\" class=\"rl-gallery-link\" data-rl_caption=\"\" data-rel=\"lightbox-gallery-2\"><img loading=\"lazy\" decoding=\"async\" width=\"200\" height=\"200\" src=\"http:\/\/www.skupina75.it\/wp-content\/uploads\/2016\/10\/IMG_0440-200x200.jpg\" class=\"attachment-thumbnail size-thumbnail\" alt=\"\" \/><\/a>\n\t\t\t<\/dt><\/dl><dl class='gallery-item'>\n\t\t\t<dt class='gallery-icon landscape'>\n\t\t\t\t<a href='http:\/\/www.skupina75.it\/wp-content\/uploads\/2016\/10\/IMG_0435.jpg' title=\"\" data-rl_title=\"\" class=\"rl-gallery-link\" data-rl_caption=\"\" data-rel=\"lightbox-gallery-2\"><img loading=\"lazy\" decoding=\"async\" width=\"200\" height=\"200\" src=\"http:\/\/www.skupina75.it\/wp-content\/uploads\/2016\/10\/IMG_0435-200x200.jpg\" class=\"attachment-thumbnail size-thumbnail\" alt=\"\" \/><\/a>\n\t\t\t<\/dt><\/dl><dl class='gallery-item'>\n\t\t\t<dt class='gallery-icon landscape'>\n\t\t\t\t<a href='http:\/\/www.skupina75.it\/wp-content\/uploads\/2016\/10\/IMG_0434.jpg' title=\"\" data-rl_title=\"\" class=\"rl-gallery-link\" data-rl_caption=\"\" data-rel=\"lightbox-gallery-2\"><img loading=\"lazy\" decoding=\"async\" width=\"200\" height=\"200\" src=\"http:\/\/www.skupina75.it\/wp-content\/uploads\/2016\/10\/IMG_0434-200x200.jpg\" class=\"attachment-thumbnail size-thumbnail\" alt=\"\" \/><\/a>\n\t\t\t<\/dt><\/dl><dl class='gallery-item'>\n\t\t\t<dt class='gallery-icon landscape'>\n\t\t\t\t<a href='http:\/\/www.skupina75.it\/wp-content\/uploads\/2016\/10\/IMG_0465.jpg' title=\"\" data-rl_title=\"\" class=\"rl-gallery-link\" data-rl_caption=\"\" data-rel=\"lightbox-gallery-2\"><img loading=\"lazy\" decoding=\"async\" width=\"200\" height=\"200\" src=\"http:\/\/www.skupina75.it\/wp-content\/uploads\/2016\/10\/IMG_0465-200x200.jpg\" class=\"attachment-thumbnail size-thumbnail\" alt=\"\" \/><\/a>\n\t\t\t<\/dt><\/dl><dl class='gallery-item'>\n\t\t\t<dt class='gallery-icon landscape'>\n\t\t\t\t<a href='http:\/\/www.skupina75.it\/wp-content\/uploads\/2016\/10\/IMG_0466.jpg' title=\"\" data-rl_title=\"\" class=\"rl-gallery-link\" data-rl_caption=\"\" data-rel=\"lightbox-gallery-2\"><img loading=\"lazy\" decoding=\"async\" width=\"200\" height=\"200\" src=\"http:\/\/www.skupina75.it\/wp-content\/uploads\/2016\/10\/IMG_0466-200x200.jpg\" class=\"attachment-thumbnail size-thumbnail\" alt=\"\" \/><\/a>\n\t\t\t<\/dt><\/dl><br style=\"clear: both\" \/><dl class='gallery-item'>\n\t\t\t<dt class='gallery-icon landscape'>\n\t\t\t\t<a href='http:\/\/www.skupina75.it\/wp-content\/uploads\/2016\/10\/IMG_0473.jpg' title=\"\" data-rl_title=\"\" class=\"rl-gallery-link\" data-rl_caption=\"\" data-rel=\"lightbox-gallery-2\"><img loading=\"lazy\" decoding=\"async\" width=\"200\" height=\"200\" src=\"http:\/\/www.skupina75.it\/wp-content\/uploads\/2016\/10\/IMG_0473-200x200.jpg\" class=\"attachment-thumbnail size-thumbnail\" alt=\"\" \/><\/a>\n\t\t\t<\/dt><\/dl><dl class='gallery-item'>\n\t\t\t<dt class='gallery-icon landscape'>\n\t\t\t\t<a href='http:\/\/www.skupina75.it\/wp-content\/uploads\/2016\/10\/IMG_0472.jpg' title=\"\" data-rl_title=\"\" class=\"rl-gallery-link\" data-rl_caption=\"\" data-rel=\"lightbox-gallery-2\"><img loading=\"lazy\" decoding=\"async\" width=\"200\" height=\"200\" src=\"http:\/\/www.skupina75.it\/wp-content\/uploads\/2016\/10\/IMG_0472-200x200.jpg\" class=\"attachment-thumbnail size-thumbnail\" alt=\"\" \/><\/a>\n\t\t\t<\/dt><\/dl><dl class='gallery-item'>\n\t\t\t<dt class='gallery-icon landscape'>\n\t\t\t\t<a href='http:\/\/www.skupina75.it\/wp-content\/uploads\/2016\/10\/IMG_0471.jpg' title=\"\" data-rl_title=\"\" class=\"rl-gallery-link\" data-rl_caption=\"\" data-rel=\"lightbox-gallery-2\"><img loading=\"lazy\" decoding=\"async\" width=\"200\" height=\"200\" src=\"http:\/\/www.skupina75.it\/wp-content\/uploads\/2016\/10\/IMG_0471-200x200.jpg\" class=\"attachment-thumbnail size-thumbnail\" alt=\"\" \/><\/a>\n\t\t\t<\/dt><\/dl><dl class='gallery-item'>\n\t\t\t<dt class='gallery-icon landscape'>\n\t\t\t\t<a href='http:\/\/www.skupina75.it\/wp-content\/uploads\/2016\/10\/IMG_0470.jpg' title=\"\" data-rl_title=\"\" class=\"rl-gallery-link\" data-rl_caption=\"\" data-rel=\"lightbox-gallery-2\"><img loading=\"lazy\" decoding=\"async\" width=\"200\" height=\"200\" src=\"http:\/\/www.skupina75.it\/wp-content\/uploads\/2016\/10\/IMG_0470-200x200.jpg\" class=\"attachment-thumbnail size-thumbnail\" alt=\"\" \/><\/a>\n\t\t\t<\/dt><\/dl><dl class='gallery-item'>\n\t\t\t<dt class='gallery-icon landscape'>\n\t\t\t\t<a href='http:\/\/www.skupina75.it\/wp-content\/uploads\/2016\/10\/IMG_0469.jpg' title=\"\" data-rl_title=\"\" class=\"rl-gallery-link\" data-rl_caption=\"\" data-rel=\"lightbox-gallery-2\"><img loading=\"lazy\" decoding=\"async\" width=\"200\" height=\"200\" src=\"http:\/\/www.skupina75.it\/wp-content\/uploads\/2016\/10\/IMG_0469-200x200.jpg\" class=\"attachment-thumbnail size-thumbnail\" alt=\"\" \/><\/a>\n\t\t\t<\/dt><\/dl><dl class='gallery-item'>\n\t\t\t<dt class='gallery-icon landscape'>\n\t\t\t\t<a href='http:\/\/www.skupina75.it\/wp-content\/uploads\/2016\/10\/IMG_0468.jpg' title=\"\" data-rl_title=\"\" class=\"rl-gallery-link\" data-rl_caption=\"\" data-rel=\"lightbox-gallery-2\"><img loading=\"lazy\" decoding=\"async\" width=\"200\" height=\"200\" src=\"http:\/\/www.skupina75.it\/wp-content\/uploads\/2016\/10\/IMG_0468-200x200.jpg\" class=\"attachment-thumbnail size-thumbnail\" alt=\"\" \/><\/a>\n\t\t\t<\/dt><\/dl><br style=\"clear: both\" \/><dl class='gallery-item'>\n\t\t\t<dt class='gallery-icon landscape'>\n\t\t\t\t<a href='http:\/\/www.skupina75.it\/wp-content\/uploads\/2016\/10\/IMG_0467.jpg' title=\"\" data-rl_title=\"\" class=\"rl-gallery-link\" data-rl_caption=\"\" data-rel=\"lightbox-gallery-2\"><img loading=\"lazy\" decoding=\"async\" width=\"200\" height=\"200\" src=\"http:\/\/www.skupina75.it\/wp-content\/uploads\/2016\/10\/IMG_0467-200x200.jpg\" class=\"attachment-thumbnail size-thumbnail\" alt=\"\" \/><\/a>\n\t\t\t<\/dt><\/dl><dl class='gallery-item'>\n\t\t\t<dt class='gallery-icon landscape'>\n\t\t\t\t<a href='http:\/\/www.skupina75.it\/wp-content\/uploads\/2016\/10\/IMG_0474.jpg' title=\"\" data-rl_title=\"\" class=\"rl-gallery-link\" data-rl_caption=\"\" data-rel=\"lightbox-gallery-2\"><img loading=\"lazy\" decoding=\"async\" width=\"200\" height=\"200\" src=\"http:\/\/www.skupina75.it\/wp-content\/uploads\/2016\/10\/IMG_0474-200x200.jpg\" class=\"attachment-thumbnail size-thumbnail\" alt=\"\" \/><\/a>\n\t\t\t<\/dt><\/dl><dl class='gallery-item'>\n\t\t\t<dt class='gallery-icon landscape'>\n\t\t\t\t<a href='http:\/\/www.skupina75.it\/wp-content\/uploads\/2016\/10\/IMG_0463.jpg' title=\"\" data-rl_title=\"\" class=\"rl-gallery-link\" data-rl_caption=\"\" data-rel=\"lightbox-gallery-2\"><img loading=\"lazy\" decoding=\"async\" width=\"200\" height=\"200\" src=\"http:\/\/www.skupina75.it\/wp-content\/uploads\/2016\/10\/IMG_0463-200x200.jpg\" class=\"attachment-thumbnail size-thumbnail\" alt=\"\" \/><\/a>\n\t\t\t<\/dt><\/dl><dl class='gallery-item'>\n\t\t\t<dt class='gallery-icon landscape'>\n\t\t\t\t<a href='http:\/\/www.skupina75.it\/wp-content\/uploads\/2016\/10\/IMG_0459.jpg' title=\"\" data-rl_title=\"\" class=\"rl-gallery-link\" data-rl_caption=\"\" data-rel=\"lightbox-gallery-2\"><img loading=\"lazy\" decoding=\"async\" width=\"200\" height=\"200\" src=\"http:\/\/www.skupina75.it\/wp-content\/uploads\/2016\/10\/IMG_0459-200x200.jpg\" class=\"attachment-thumbnail size-thumbnail\" alt=\"\" \/><\/a>\n\t\t\t<\/dt><\/dl>\n\t\t\t<br style='clear: both' \/>\n\t\t<\/div>\n\n<p><a href=\"http:\/\/www.skupina75.it\/wp-content\/uploads\/2017\/06\/Katalog2016_copert-1.pdf\">Katalog cop. 2016<\/a><\/p>\n<p><a href=\"http:\/\/www.skupina75.it\/wp-content\/uploads\/2017\/06\/Katalog2016.pdf\">Katalog 2016<\/a><\/p>\n<p>&nbsp;<\/p>","protected":false},"excerpt":{"rendered":"<p>Inaugurazione 8.10.2016 &#8211; 18.30 &#8211; Kulturni dom Gorizia, via I. Brass 20, Gorizia Espongono: \u017diga Gri\u010dnik (slo) Mi\u0161a Keskenovi\u0107 (slo) Tanja La\u017eeti\u0107 (slo) Elena Melnykova (ita) Simon Zamar (slo) Circolo Fotografico Friulano (ita) 8.10.2016 &#8211; 18.10.2016 10.00 &#8211; 13.00, 16.00 &#8211; 18.00 giorni feriali Katalog cop. 2016 Katalog 2016 &nbsp;<\/p>\n","protected":false},"author":4,"featured_media":3024,"parent":12,"menu_order":1,"comment_status":"closed","ping_status":"closed","template":"","meta":{"footnotes":""},"class_list":["post-3273","page","type-page","status-publish","has-post-thumbnail","hentry"],"_links":{"self":[{"href":"http:\/\/www.skupina75.it\/it\/wp-json\/wp\/v2\/pages\/3273","targetHints":{"allow":["GET"]}}],"collection":[{"href":"http:\/\/www.skupina75.it\/it\/wp-json\/wp\/v2\/pages"}],"about":[{"href":"http:\/\/www.skupina75.it\/it\/wp-json\/wp\/v2\/types\/page"}],"author":[{"embeddable":true,"href":"http:\/\/www.skupina75.it\/it\/wp-json\/wp\/v2\/users\/4"}],"replies":[{"embeddable":true,"href":"http:\/\/www.skupina75.it\/it\/wp-json\/wp\/v2\/comments?post=3273"}],"version-history":[{"count":7,"href":"http:\/\/www.skupina75.it\/it\/wp-json\/wp\/v2\/pages\/3273\/revisions"}],"predecessor-version":[{"id":3292,"href":"http:\/\/www.skupina75.it\/it\/wp-json\/wp\/v2\/pages\/3273\/revisions\/3292"}],"up":[{"embeddable":true,"href":"http:\/\/www.skupina75.it\/it\/wp-json\/wp\/v2\/pages\/12"}],"wp:featuredmedia":[{"embeddable":true,"href":"http:\/\/www.skupina75.it\/it\/wp-json\/wp\/v2\/media\/3024"}],"wp:attachment":[{"href":"http:\/\/www.skupina75.it\/it\/wp-json\/wp\/v2\/media?parent=3273"}],"curies":[{"name":"wp","href":"https:\/\/api.w.org\/{rel}","templated":true}]}}