{"id":299,"date":"2012-05-27T13:51:27","date_gmt":"2012-05-27T13:51:27","guid":{"rendered":"http:\/\/www.skupina75.it\/?page_id=299"},"modified":"2018-10-10T13:59:09","modified_gmt":"2018-10-10T13:59:09","slug":"10-fotosrecanje","status":"publish","type":"page","link":"http:\/\/www.skupina75.it\/it\/fotosrecanje\/10-fotosrecanje\/","title":{"rendered":"10. Fotoincontro"},"content":{"rendered":"<p><\/p>\n<p>Innaugurazione il 04.10.2008 alle 18.30 fino al 18.10.2008 nel<strong> Kulturni Dom a Gorizia<\/strong><\/p>\n<p><em>espongono:<\/em><\/p>\n<p>Roberto Aita_ITA<br \/>\nBiserko Fer\u010dek_HR<br \/>\nHerman Pivk_SLO<br \/>\nBoris Prin\u010di\u010d_ITA<br \/>\nPaul David Redfern_ITA<\/p>\n<p>fotoklub Nova Gorica_SLO<\/p>\n<p>Il 03.10.2008 innaugurazione alle 19.00 fino al 15.10.2008 nella sala<strong> del comune di Nova Gorica<\/strong><\/p>\n<p><em>espone il <\/em>fotoklub Skupina75<\/p>\n<p><a href=\"http:\/\/www.skupina75.it\/wp-content\/uploads\/2012\/05\/katalog-10-fotosrecanje-2008.pdf\">Catalogo 10. fotoincontro 2008<\/a><br \/>\n<\/p>","protected":false},"excerpt":{"rendered":"<p>Innaugurazione il 04.10.2008 alle 18.30 fino al 18.10.2008 nel Kulturni Dom a Gorizia espongono: Roberto Aita_ITA Biserko Fer\u010dek_HR Herman Pivk_SLO Boris Prin\u010di\u010d_ITA Paul David Redfern_ITA fotoklub Nova Gorica_SLO Il 03.10.2008 innaugurazione alle 19.00 fino al 15.10.2008 nella sala del comune di Nova Gorica espone il fotoklub Skupina75 Catalogo 10. fotoincontro 2008<\/p>\n","protected":false},"author":1,"featured_media":0,"parent":12,"menu_order":9,"comment_status":"closed","ping_status":"closed","template":"","meta":{"footnotes":""},"class_list":["post-299","page","type-page","status-publish","hentry"],"_links":{"self":[{"href":"http:\/\/www.skupina75.it\/it\/wp-json\/wp\/v2\/pages\/299","targetHints":{"allow":["GET"]}}],"collection":[{"href":"http:\/\/www.skupina75.it\/it\/wp-json\/wp\/v2\/pages"}],"about":[{"href":"http:\/\/www.skupina75.it\/it\/wp-json\/wp\/v2\/types\/page"}],"author":[{"embeddable":true,"href":"http:\/\/www.skupina75.it\/it\/wp-json\/wp\/v2\/users\/1"}],"replies":[{"embeddable":true,"href":"http:\/\/www.skupina75.it\/it\/wp-json\/wp\/v2\/comments?post=299"}],"version-history":[{"count":6,"href":"http:\/\/www.skupina75.it\/it\/wp-json\/wp\/v2\/pages\/299\/revisions"}],"predecessor-version":[{"id":1689,"href":"http:\/\/www.skupina75.it\/it\/wp-json\/wp\/v2\/pages\/299\/revisions\/1689"}],"up":[{"embeddable":true,"href":"http:\/\/www.skupina75.it\/it\/wp-json\/wp\/v2\/pages\/12"}],"wp:attachment":[{"href":"http:\/\/www.skupina75.it\/it\/wp-json\/wp\/v2\/media?parent=299"}],"curies":[{"name":"wp","href":"https:\/\/api.w.org\/{rel}","templated":true}]}}